{"id":106,"date":"2025-04-05T04:06:55","date_gmt":"2025-04-05T04:06:55","guid":{"rendered":"https:\/\/pagina.jecosstravels.com\/?page_id=106"},"modified":"2025-06-07T20:49:17","modified_gmt":"2025-06-08T01:49:17","slug":"acerca-de-nosotros","status":"publish","type":"page","link":"https:\/\/fratelliclothes.com\/cr\/acerca-de-nosotros\/","title":{"rendered":"Acerca de nosotros"},"content":{"rendered":"\t\t<div data-elementor-type=\"wp-page\" data-elementor-id=\"106\" class=\"elementor elementor-106\" data-elementor-post-type=\"page\">\n\t\t\t\t<div class=\"elementor-element elementor-element-7f94b4b e-flex e-con-boxed e-con e-parent\" data-id=\"7f94b4b\" data-element_type=\"container\" data-settings=\"{&quot;background_background&quot;:&quot;classic&quot;}\">\n\t\t\t\t\t<div class=\"e-con-inner\">\n\t\t\t\t<div class=\"elementor-element elementor-element-1a8afd5 elementor-widget__width-initial animated-fast elementor-invisible elementor-widget elementor-widget-heading\" data-id=\"1a8afd5\" data-element_type=\"widget\" data-settings=\"{&quot;_animation&quot;:&quot;fadeInLeft&quot;}\" data-widget_type=\"heading.default\">\n\t\t\t\t<div class=\"elementor-widget-container\">\n\t\t\t\t\t<h1 class=\"elementor-heading-title elementor-size-default\">Acerca de nosotros<\/h1>\t\t\t\t<\/div>\n\t\t\t\t<\/div>\n\t\t\t\t<div class=\"elementor-element elementor-element-a7cd3af animated-fast elementor-invisible elementor-widget elementor-widget-heading\" data-id=\"a7cd3af\" data-element_type=\"widget\" data-settings=\"{&quot;_animation&quot;:&quot;fadeInRight&quot;}\" data-widget_type=\"heading.default\">\n\t\t\t\t<div class=\"elementor-widget-container\">\n\t\t\t\t\t<h2 class=\"elementor-heading-title elementor-size-default\">Nacimos desde un deseo real: crear algo con alma. En un taller familiar en Neira, Caldas, en el\n2022. Y desde entonces no ha parado el esfuerzo constante en hacer de la marca un entorno\ndonde nos unen los mismos principios. Nuestro nombre traduce la palabra \u2018hermanos\u2019del italiano\nhonrando as\u00ed a Emiliano, hermano del creador y motor de esta historia. Hoy, Fratelli se\nconstruye desde Pereira, y cada prenda que hacemos lleva esa mezcla de memoria, prop\u00f3sito y\npresente.<\/h2>\t\t\t\t<\/div>\n\t\t\t\t<\/div>\n\t\t\t\t\t<\/div>\n\t\t\t\t<\/div>\n\t\t\t\t<\/div>\n\t\t","protected":false},"excerpt":{"rendered":"<p>Acerca de nosotros Nacimos desde un deseo real: crear algo con alma. En un taller familiar en Neira, Caldas, en el 2022. Y desde entonces no ha parado el esfuerzo constante en hacer de la marca un entorno donde nos unen los mismos principios. Nuestro nombre traduce la palabra \u2018hermanos\u2019del italiano honrando as\u00ed a Emiliano, [&hellip;]<\/p>\n","protected":false},"author":2,"featured_media":0,"parent":0,"menu_order":0,"comment_status":"closed","ping_status":"closed","template":"","meta":{"inline_featured_image":false,"footnotes":""},"class_list":["post-106","page","type-page","status-publish","hentry"],"yoast_head":"<!-- This site is optimized with the Yoast SEO plugin v25.3 - https:\/\/yoast.com\/wordpress\/plugins\/seo\/ -->\n<title>Acerca de nosotros | Fratelli Clothes | Costa Rica<\/title>\n<meta name=\"robots\" content=\"index, follow, max-snippet:-1, max-image-preview:large, max-video-preview:-1\" \/>\n<link rel=\"canonical\" href=\"https:\/\/fratelliclothes.com\/cr\/acerca-de-nosotros\/\" \/>\n<meta property=\"og:locale\" content=\"es_ES\" \/>\n<meta property=\"og:type\" content=\"article\" \/>\n<meta property=\"og:title\" content=\"Acerca de nosotros | Fratelli Clothes | Costa Rica\" \/>\n<meta property=\"og:description\" content=\"Acerca de nosotros Nacimos desde un deseo real: crear algo con alma. En un taller familiar en Neira, Caldas, en el 2022. Y desde entonces no ha parado el esfuerzo constante en hacer de la marca un entorno donde nos unen los mismos principios. Nuestro nombre traduce la palabra \u2018hermanos\u2019del italiano honrando as\u00ed a Emiliano, [&hellip;]\" \/>\n<meta property=\"og:url\" content=\"https:\/\/fratelliclothes.com\/cr\/acerca-de-nosotros\/\" \/>\n<meta property=\"og:site_name\" content=\"Fratelli Clothes | Costa Rica\" \/>\n<meta property=\"article:modified_time\" content=\"2025-06-08T01:49:17+00:00\" \/>\n<meta name=\"twitter:card\" content=\"summary_large_image\" \/>\n<meta name=\"twitter:label1\" content=\"Est. reading time\" \/>\n\t<meta name=\"twitter:data1\" content=\"1 minuto\" \/>\n<script type=\"application\/ld+json\" class=\"yoast-schema-graph\">{\"@context\":\"https:\/\/schema.org\",\"@graph\":[{\"@type\":\"WebPage\",\"@id\":\"https:\/\/fratelliclothes.com\/cr\/acerca-de-nosotros\/\",\"url\":\"https:\/\/fratelliclothes.com\/cr\/acerca-de-nosotros\/\",\"name\":\"Acerca de nosotros | Fratelli Clothes | Costa Rica\",\"isPartOf\":{\"@id\":\"https:\/\/fratelliclothes.com\/cr\/#website\"},\"datePublished\":\"2025-04-05T04:06:55+00:00\",\"dateModified\":\"2025-06-08T01:49:17+00:00\",\"breadcrumb\":{\"@id\":\"https:\/\/fratelliclothes.com\/cr\/acerca-de-nosotros\/#breadcrumb\"},\"inLanguage\":\"es-CR\",\"potentialAction\":[{\"@type\":\"ReadAction\",\"target\":[\"https:\/\/fratelliclothes.com\/cr\/acerca-de-nosotros\/\"]}]},{\"@type\":\"BreadcrumbList\",\"@id\":\"https:\/\/fratelliclothes.com\/cr\/acerca-de-nosotros\/#breadcrumb\",\"itemListElement\":[{\"@type\":\"ListItem\",\"position\":1,\"name\":\"Portada\",\"item\":\"https:\/\/fratelliclothes.com\/cr\/\"},{\"@type\":\"ListItem\",\"position\":2,\"name\":\"Acerca de nosotros\"}]},{\"@type\":\"WebSite\",\"@id\":\"https:\/\/fratelliclothes.com\/cr\/#website\",\"url\":\"https:\/\/fratelliclothes.com\/cr\/\",\"name\":\"Fratelli\",\"description\":\"\u2018DE BARRO SOMOS Una colecci\u00f3n que honra lo vivido, lo sentido y lo que a\u00fan est\u00e1 por cambiar.\",\"publisher\":{\"@id\":\"https:\/\/fratelliclothes.com\/cr\/#organization\"},\"potentialAction\":[{\"@type\":\"SearchAction\",\"target\":{\"@type\":\"EntryPoint\",\"urlTemplate\":\"https:\/\/fratelliclothes.com\/cr\/?s={search_term_string}\"},\"query-input\":{\"@type\":\"PropertyValueSpecification\",\"valueRequired\":true,\"valueName\":\"search_term_string\"}}],\"inLanguage\":\"es-CR\"},{\"@type\":\"Organization\",\"@id\":\"https:\/\/fratelliclothes.com\/cr\/#organization\",\"name\":\"Fratelli\",\"url\":\"https:\/\/fratelliclothes.com\/cr\/\",\"logo\":{\"@type\":\"ImageObject\",\"inLanguage\":\"es-CR\",\"@id\":\"https:\/\/fratelliclothes.com\/cr\/#\/schema\/logo\/image\/\",\"url\":\"https:\/\/fratelliclothes.com\/cr\/wp-content\/uploads\/2025\/04\/Logo-Fratelli-a-color.svg\",\"contentUrl\":\"https:\/\/fratelliclothes.com\/cr\/wp-content\/uploads\/2025\/04\/Logo-Fratelli-a-color.svg\",\"width\":155,\"height\":34,\"caption\":\"Fratelli\"},\"image\":{\"@id\":\"https:\/\/fratelliclothes.com\/cr\/#\/schema\/logo\/image\/\"},\"sameAs\":[\"https:\/\/www.instagram.com\/fratelli.clothes\",\"https:\/\/www.tiktok.com\/@fratelli.clothes?_t=8V56fbk2BpF&_r=1\"]}]}<\/script>\n<!-- \/ Yoast SEO plugin. -->","yoast_head_json":{"title":"Acerca de nosotros | Fratelli Clothes | Costa Rica","robots":{"index":"index","follow":"follow","max-snippet":"max-snippet:-1","max-image-preview":"max-image-preview:large","max-video-preview":"max-video-preview:-1"},"canonical":"https:\/\/fratelliclothes.com\/cr\/acerca-de-nosotros\/","og_locale":"es_ES","og_type":"article","og_title":"Acerca de nosotros | Fratelli Clothes | Costa Rica","og_description":"Acerca de nosotros Nacimos desde un deseo real: crear algo con alma. En un taller familiar en Neira, Caldas, en el 2022. Y desde entonces no ha parado el esfuerzo constante en hacer de la marca un entorno donde nos unen los mismos principios. Nuestro nombre traduce la palabra \u2018hermanos\u2019del italiano honrando as\u00ed a Emiliano, [&hellip;]","og_url":"https:\/\/fratelliclothes.com\/cr\/acerca-de-nosotros\/","og_site_name":"Fratelli Clothes | Costa Rica","article_modified_time":"2025-06-08T01:49:17+00:00","twitter_card":"summary_large_image","twitter_misc":{"Est. reading time":"1 minuto"},"schema":{"@context":"https:\/\/schema.org","@graph":[{"@type":"WebPage","@id":"https:\/\/fratelliclothes.com\/cr\/acerca-de-nosotros\/","url":"https:\/\/fratelliclothes.com\/cr\/acerca-de-nosotros\/","name":"Acerca de nosotros | Fratelli Clothes | Costa Rica","isPartOf":{"@id":"https:\/\/fratelliclothes.com\/cr\/#website"},"datePublished":"2025-04-05T04:06:55+00:00","dateModified":"2025-06-08T01:49:17+00:00","breadcrumb":{"@id":"https:\/\/fratelliclothes.com\/cr\/acerca-de-nosotros\/#breadcrumb"},"inLanguage":"es-CR","potentialAction":[{"@type":"ReadAction","target":["https:\/\/fratelliclothes.com\/cr\/acerca-de-nosotros\/"]}]},{"@type":"BreadcrumbList","@id":"https:\/\/fratelliclothes.com\/cr\/acerca-de-nosotros\/#breadcrumb","itemListElement":[{"@type":"ListItem","position":1,"name":"Portada","item":"https:\/\/fratelliclothes.com\/cr\/"},{"@type":"ListItem","position":2,"name":"Acerca de nosotros"}]},{"@type":"WebSite","@id":"https:\/\/fratelliclothes.com\/cr\/#website","url":"https:\/\/fratelliclothes.com\/cr\/","name":"Fratelli","description":"\u2018DE BARRO SOMOS Una colecci\u00f3n que honra lo vivido, lo sentido y lo que a\u00fan est\u00e1 por cambiar.","publisher":{"@id":"https:\/\/fratelliclothes.com\/cr\/#organization"},"potentialAction":[{"@type":"SearchAction","target":{"@type":"EntryPoint","urlTemplate":"https:\/\/fratelliclothes.com\/cr\/?s={search_term_string}"},"query-input":{"@type":"PropertyValueSpecification","valueRequired":true,"valueName":"search_term_string"}}],"inLanguage":"es-CR"},{"@type":"Organization","@id":"https:\/\/fratelliclothes.com\/cr\/#organization","name":"Fratelli","url":"https:\/\/fratelliclothes.com\/cr\/","logo":{"@type":"ImageObject","inLanguage":"es-CR","@id":"https:\/\/fratelliclothes.com\/cr\/#\/schema\/logo\/image\/","url":"https:\/\/fratelliclothes.com\/cr\/wp-content\/uploads\/2025\/04\/Logo-Fratelli-a-color.svg","contentUrl":"https:\/\/fratelliclothes.com\/cr\/wp-content\/uploads\/2025\/04\/Logo-Fratelli-a-color.svg","width":155,"height":34,"caption":"Fratelli"},"image":{"@id":"https:\/\/fratelliclothes.com\/cr\/#\/schema\/logo\/image\/"},"sameAs":["https:\/\/www.instagram.com\/fratelli.clothes","https:\/\/www.tiktok.com\/@fratelli.clothes?_t=8V56fbk2BpF&_r=1"]}]}},"_links":{"self":[{"href":"https:\/\/fratelliclothes.com\/cr\/wp-json\/wp\/v2\/pages\/106","targetHints":{"allow":["GET"]}}],"collection":[{"href":"https:\/\/fratelliclothes.com\/cr\/wp-json\/wp\/v2\/pages"}],"about":[{"href":"https:\/\/fratelliclothes.com\/cr\/wp-json\/wp\/v2\/types\/page"}],"author":[{"embeddable":true,"href":"https:\/\/fratelliclothes.com\/cr\/wp-json\/wp\/v2\/users\/2"}],"replies":[{"embeddable":true,"href":"https:\/\/fratelliclothes.com\/cr\/wp-json\/wp\/v2\/comments?post=106"}],"version-history":[{"count":31,"href":"https:\/\/fratelliclothes.com\/cr\/wp-json\/wp\/v2\/pages\/106\/revisions"}],"predecessor-version":[{"id":2850,"href":"https:\/\/fratelliclothes.com\/cr\/wp-json\/wp\/v2\/pages\/106\/revisions\/2850"}],"wp:attachment":[{"href":"https:\/\/fratelliclothes.com\/cr\/wp-json\/wp\/v2\/media?parent=106"}],"curies":[{"name":"wp","href":"https:\/\/api.w.org\/{rel}","templated":true}]}}