{"id":112,"date":"2025-04-05T04:07:37","date_gmt":"2025-04-05T04:07:37","guid":{"rendered":"https:\/\/pagina.jecosstravels.com\/?page_id=112"},"modified":"2025-06-07T19:51:43","modified_gmt":"2025-06-08T00:51:43","slug":"nueva-coleccion","status":"publish","type":"page","link":"https:\/\/fratelliclothes.com\/cr\/nueva-coleccion\/","title":{"rendered":"Nueva colecci\u00f3n"},"content":{"rendered":"\t\t<div data-elementor-type=\"wp-page\" data-elementor-id=\"112\" class=\"elementor elementor-112\" data-elementor-post-type=\"page\">\n\t\t\t\t<div class=\"elementor-element elementor-element-9477eae e-flex e-con-boxed e-con e-parent\" data-id=\"9477eae\" data-element_type=\"container\" data-settings=\"{&quot;background_background&quot;:&quot;classic&quot;}\">\n\t\t\t\t\t<div class=\"e-con-inner\">\n\t\t\t\t<div class=\"elementor-element elementor-element-405dea3 elementor-invisible elementor-widget elementor-widget-heading\" data-id=\"405dea3\" data-element_type=\"widget\" data-settings=\"{&quot;_animation&quot;:&quot;fadeInUp&quot;}\" data-widget_type=\"heading.default\">\n\t\t\t\t<div class=\"elementor-widget-container\">\n\t\t\t\t\t<h2 class=\"elementor-heading-title elementor-size-default\">De barro somos<\/h2>\t\t\t\t<\/div>\n\t\t\t\t<\/div>\n\t\t\t\t<div class=\"elementor-element elementor-element-b70ee7f animated-slow elementor-invisible elementor-widget elementor-widget-heading\" data-id=\"b70ee7f\" data-element_type=\"widget\" data-settings=\"{&quot;_animation&quot;:&quot;fadeInUp&quot;}\" data-widget_type=\"heading.default\">\n\t\t\t\t<div class=\"elementor-widget-container\">\n\t\t\t\t\t<h2 class=\"elementor-heading-title elementor-size-default\">De Barro Somos nace desde el s\u00edmbolo m\u00e1s humano: el barro. Nos recuerda que somos\nmoldeables, imperfectos, transformables y que hacemos parte de la tierra. Cada prenda honra el\nproceso de quien se permite cambiar, caer, levantarse y volver a intentar. Esta colecci\u00f3n no busca\nla perfecci\u00f3n, sino la verdad de lo que vibra ahora.<\/h2>\t\t\t\t<\/div>\n\t\t\t\t<\/div>\n\t\t<div class=\"elementor-element elementor-element-a1c0f6f e-con-full e-flex e-con e-child\" data-id=\"a1c0f6f\" data-element_type=\"container\">\n\t\t\t\t<div class=\"elementor-element elementor-element-62d2a56 elementor-widget elementor-widget-button\" data-id=\"62d2a56\" data-element_type=\"widget\" data-widget_type=\"button.default\">\n\t\t\t\t<div class=\"elementor-widget-container\">\n\t\t\t\t\t\t\t\t\t<div class=\"elementor-button-wrapper\">\n\t\t\t\t\t<a class=\"elementor-button elementor-size-sm\" role=\"button\">\n\t\t\t\t\t\t<span class=\"elementor-button-content-wrapper\">\n\t\t\t\t\t\t\t\t\t<span class=\"elementor-button-text\">Colecci\u00f3n 2023<\/span>\n\t\t\t\t\t<\/span>\n\t\t\t\t\t<\/a>\n\t\t\t\t<\/div>\n\t\t\t\t\t\t\t\t<\/div>\n\t\t\t\t<\/div>\n\t\t\t\t<div class=\"elementor-element elementor-element-785dae2 elementor-widget elementor-widget-button\" data-id=\"785dae2\" data-element_type=\"widget\" data-widget_type=\"button.default\">\n\t\t\t\t<div class=\"elementor-widget-container\">\n\t\t\t\t\t\t\t\t\t<div class=\"elementor-button-wrapper\">\n\t\t\t\t\t<a class=\"elementor-button elementor-size-sm\" role=\"button\">\n\t\t\t\t\t\t<span class=\"elementor-button-content-wrapper\">\n\t\t\t\t\t\t\t\t\t<span class=\"elementor-button-text\">Colecci\u00f3n 2022<\/span>\n\t\t\t\t\t<\/span>\n\t\t\t\t\t<\/a>\n\t\t\t\t<\/div>\n\t\t\t\t\t\t\t\t<\/div>\n\t\t\t\t<\/div>\n\t\t\t\t<\/div>\n\t\t\t\t\t<\/div>\n\t\t\t\t<\/div>\n\t\t<div class=\"elementor-element elementor-element-f0bda74 e-con-full e-flex e-con e-parent\" data-id=\"f0bda74\" data-element_type=\"container\">\n\t\t<div class=\"elementor-element elementor-element-b42d799 e-con-full e-flex e-con e-child\" data-id=\"b42d799\" data-element_type=\"container\" data-settings=\"{&quot;background_background&quot;:&quot;classic&quot;}\">\n\t\t<div class=\"elementor-element elementor-element-746c806 e-con-full e-flex e-con e-child\" data-id=\"746c806\" data-element_type=\"container\">\n\t\t<div class=\"elementor-element elementor-element-14cdb1a e-con-full e-flex e-con e-child\" data-id=\"14cdb1a\" data-element_type=\"container\">\n\t\t\t\t<div class=\"elementor-element elementor-element-41ba844 elementor-invisible elementor-widget elementor-widget-heading\" data-id=\"41ba844\" data-element_type=\"widget\" data-settings=\"{&quot;_animation&quot;:&quot;fadeInLeft&quot;}\" data-widget_type=\"heading.default\">\n\t\t\t\t<div class=\"elementor-widget-container\">\n\t\t\t\t\t<h2 class=\"elementor-heading-title elementor-size-default\">Mujer<\/h2>\t\t\t\t<\/div>\n\t\t\t\t<\/div>\n\t\t\t\t<\/div>\n\t\t<div class=\"elementor-element elementor-element-7790324 e-con-full e-flex e-con e-child\" data-id=\"7790324\" data-element_type=\"container\">\n\t\t\t\t<div class=\"elementor-element elementor-element-119ac04 elementor-invisible elementor-widget elementor-widget-heading\" data-id=\"119ac04\" data-element_type=\"widget\" data-settings=\"{&quot;_animation&quot;:&quot;fadeInRight&quot;}\" data-widget_type=\"heading.default\">\n\t\t\t\t<div class=\"elementor-widget-container\">\n\t\t\t\t\t<h2 class=\"elementor-heading-title elementor-size-default\">Nuestra colecci\u00f3n femenina llega como una extensi\u00f3n natural del alma de Fratelli. Vestidos\nfluidos, tejidos hechos a mano, colores que no gritan, pero permanecen. Est\u00e1 pensada para\nmujeres que se visten desde la libertad, que celebran su propio ritmo y que eligen c\u00f3mo quieren\nsentirse.<\/h2>\t\t\t\t<\/div>\n\t\t\t\t<\/div>\n\t\t\t\t<\/div>\n\t\t\t\t<\/div>\n\t\t\t\t<\/div>\n\t\t\t\t<\/div>\n\t\t<div class=\"elementor-element elementor-element-7b61414 e-con-full e-flex e-con e-parent\" data-id=\"7b61414\" data-element_type=\"container\">\n\t\t<div class=\"elementor-element elementor-element-1dbd620 e-con-full e-flex e-con e-child\" data-id=\"1dbd620\" data-element_type=\"container\" data-settings=\"{&quot;background_background&quot;:&quot;classic&quot;}\">\n\t\t<div class=\"elementor-element elementor-element-ea88a9b e-con-full e-flex e-con e-child\" data-id=\"ea88a9b\" data-element_type=\"container\">\n\t\t<div class=\"elementor-element elementor-element-4b56cb1 e-con-full e-flex e-con e-child\" data-id=\"4b56cb1\" data-element_type=\"container\">\n\t\t\t\t<div class=\"elementor-element elementor-element-b0486e6 elementor-invisible elementor-widget elementor-widget-heading\" data-id=\"b0486e6\" data-element_type=\"widget\" data-settings=\"{&quot;_animation&quot;:&quot;fadeInLeft&quot;}\" data-widget_type=\"heading.default\">\n\t\t\t\t<div class=\"elementor-widget-container\">\n\t\t\t\t\t<h2 class=\"elementor-heading-title elementor-size-default\">Hombre<\/h2>\t\t\t\t<\/div>\n\t\t\t\t<\/div>\n\t\t\t\t<\/div>\n\t\t<div class=\"elementor-element elementor-element-da9071e e-con-full e-flex e-con e-child\" data-id=\"da9071e\" data-element_type=\"container\">\n\t\t\t\t<div class=\"elementor-element elementor-element-e029b94 elementor-invisible elementor-widget elementor-widget-heading\" data-id=\"e029b94\" data-element_type=\"widget\" data-settings=\"{&quot;_animation&quot;:&quot;fadeInRight&quot;}\" data-widget_type=\"heading.default\">\n\t\t\t\t<div class=\"elementor-widget-container\">\n\t\t\t\t\t<h2 class=\"elementor-heading-title elementor-size-default\">Dise\u00f1amos para el hombre que encuentra belleza en lo simple y car\u00e1cter en lo sutil. Camisas de\nlino, pantalones con estructura relajada, tejidos que acompa\u00f1an y respiran. Un estilo que se\nadapta a tu ritmo.<\/h2>\t\t\t\t<\/div>\n\t\t\t\t<\/div>\n\t\t\t\t<\/div>\n\t\t\t\t<\/div>\n\t\t\t\t<\/div>\n\t\t\t\t<\/div>\n\t\t\t\t<\/div>\n\t\t","protected":false},"excerpt":{"rendered":"<p>De barro somos De Barro Somos nace desde el s\u00edmbolo m\u00e1s humano: el barro. Nos recuerda que somos moldeables, imperfectos, transformables y que hacemos parte de la tierra. Cada prenda honra el proceso de quien se permite cambiar, caer, levantarse y volver a intentar. Esta colecci\u00f3n no busca la perfecci\u00f3n, sino la verdad de lo [&hellip;]<\/p>\n","protected":false},"author":2,"featured_media":0,"parent":0,"menu_order":0,"comment_status":"closed","ping_status":"closed","template":"","meta":{"inline_featured_image":false,"footnotes":""},"class_list":["post-112","page","type-page","status-publish","hentry"],"yoast_head":"<!-- This site is optimized with the Yoast SEO plugin v25.3 - https:\/\/yoast.com\/wordpress\/plugins\/seo\/ -->\n<title>Colecci\u00f3n De Barro Somos Fratelli | Fratelli Clothes | Costa Rica<\/title>\n<meta name=\"description\" content=\"Descubre De Barro Somos, la colecci\u00f3n de Fratelli que nace del barro. Piezas que honran nuestra naturaleza moldeable, imperfecta y la conexi\u00f3n con la tierra.\" \/>\n<meta name=\"robots\" content=\"index, follow, max-snippet:-1, max-image-preview:large, max-video-preview:-1\" \/>\n<link rel=\"canonical\" href=\"https:\/\/fratelliclothes.com\/cr\/nueva-coleccion\/\" \/>\n<meta property=\"og:locale\" content=\"es_ES\" \/>\n<meta property=\"og:type\" content=\"article\" \/>\n<meta property=\"og:title\" content=\"Colecci\u00f3n De Barro Somos Fratelli | Fratelli Clothes | Costa Rica\" \/>\n<meta property=\"og:description\" content=\"Descubre De Barro Somos, la colecci\u00f3n de Fratelli que nace del barro. Piezas que honran nuestra naturaleza moldeable, imperfecta y la conexi\u00f3n con la tierra.\" \/>\n<meta property=\"og:url\" content=\"https:\/\/fratelliclothes.com\/cr\/nueva-coleccion\/\" \/>\n<meta property=\"og:site_name\" content=\"Fratelli Clothes | Costa Rica\" \/>\n<meta property=\"article:modified_time\" content=\"2025-06-08T00:51:43+00:00\" \/>\n<meta name=\"twitter:card\" content=\"summary_large_image\" \/>\n<meta name=\"twitter:label1\" content=\"Est. reading time\" \/>\n\t<meta name=\"twitter:data1\" content=\"1 minuto\" \/>\n<script type=\"application\/ld+json\" class=\"yoast-schema-graph\">{\"@context\":\"https:\/\/schema.org\",\"@graph\":[{\"@type\":\"WebPage\",\"@id\":\"https:\/\/fratelliclothes.com\/cr\/nueva-coleccion\/\",\"url\":\"https:\/\/fratelliclothes.com\/cr\/nueva-coleccion\/\",\"name\":\"Colecci\u00f3n De Barro Somos Fratelli | Fratelli Clothes | Costa Rica\",\"isPartOf\":{\"@id\":\"https:\/\/fratelliclothes.com\/cr\/#website\"},\"datePublished\":\"2025-04-05T04:07:37+00:00\",\"dateModified\":\"2025-06-08T00:51:43+00:00\",\"description\":\"Descubre De Barro Somos, la colecci\u00f3n de Fratelli que nace del barro. Piezas que honran nuestra naturaleza moldeable, imperfecta y la conexi\u00f3n con la tierra.\",\"breadcrumb\":{\"@id\":\"https:\/\/fratelliclothes.com\/cr\/nueva-coleccion\/#breadcrumb\"},\"inLanguage\":\"es-CR\",\"potentialAction\":[{\"@type\":\"ReadAction\",\"target\":[\"https:\/\/fratelliclothes.com\/cr\/nueva-coleccion\/\"]}]},{\"@type\":\"BreadcrumbList\",\"@id\":\"https:\/\/fratelliclothes.com\/cr\/nueva-coleccion\/#breadcrumb\",\"itemListElement\":[{\"@type\":\"ListItem\",\"position\":1,\"name\":\"Portada\",\"item\":\"https:\/\/fratelliclothes.com\/cr\/\"},{\"@type\":\"ListItem\",\"position\":2,\"name\":\"Nueva colecci\u00f3n\"}]},{\"@type\":\"WebSite\",\"@id\":\"https:\/\/fratelliclothes.com\/cr\/#website\",\"url\":\"https:\/\/fratelliclothes.com\/cr\/\",\"name\":\"Fratelli\",\"description\":\"\u2018DE BARRO SOMOS Una colecci\u00f3n que honra lo vivido, lo sentido y lo que a\u00fan est\u00e1 por cambiar.\",\"publisher\":{\"@id\":\"https:\/\/fratelliclothes.com\/cr\/#organization\"},\"potentialAction\":[{\"@type\":\"SearchAction\",\"target\":{\"@type\":\"EntryPoint\",\"urlTemplate\":\"https:\/\/fratelliclothes.com\/cr\/?s={search_term_string}\"},\"query-input\":{\"@type\":\"PropertyValueSpecification\",\"valueRequired\":true,\"valueName\":\"search_term_string\"}}],\"inLanguage\":\"es-CR\"},{\"@type\":\"Organization\",\"@id\":\"https:\/\/fratelliclothes.com\/cr\/#organization\",\"name\":\"Fratelli\",\"url\":\"https:\/\/fratelliclothes.com\/cr\/\",\"logo\":{\"@type\":\"ImageObject\",\"inLanguage\":\"es-CR\",\"@id\":\"https:\/\/fratelliclothes.com\/cr\/#\/schema\/logo\/image\/\",\"url\":\"https:\/\/fratelliclothes.com\/cr\/wp-content\/uploads\/2025\/04\/Logo-Fratelli-a-color.svg\",\"contentUrl\":\"https:\/\/fratelliclothes.com\/cr\/wp-content\/uploads\/2025\/04\/Logo-Fratelli-a-color.svg\",\"width\":155,\"height\":34,\"caption\":\"Fratelli\"},\"image\":{\"@id\":\"https:\/\/fratelliclothes.com\/cr\/#\/schema\/logo\/image\/\"},\"sameAs\":[\"https:\/\/www.instagram.com\/fratelli.clothes\",\"https:\/\/www.tiktok.com\/@fratelli.clothes?_t=8V56fbk2BpF&_r=1\"]}]}<\/script>\n<!-- \/ Yoast SEO plugin. -->","yoast_head_json":{"title":"Colecci\u00f3n De Barro Somos Fratelli | Fratelli Clothes | Costa Rica","description":"Descubre De Barro Somos, la colecci\u00f3n de Fratelli que nace del barro. Piezas que honran nuestra naturaleza moldeable, imperfecta y la conexi\u00f3n con la tierra.","robots":{"index":"index","follow":"follow","max-snippet":"max-snippet:-1","max-image-preview":"max-image-preview:large","max-video-preview":"max-video-preview:-1"},"canonical":"https:\/\/fratelliclothes.com\/cr\/nueva-coleccion\/","og_locale":"es_ES","og_type":"article","og_title":"Colecci\u00f3n De Barro Somos Fratelli | Fratelli Clothes | Costa Rica","og_description":"Descubre De Barro Somos, la colecci\u00f3n de Fratelli que nace del barro. Piezas que honran nuestra naturaleza moldeable, imperfecta y la conexi\u00f3n con la tierra.","og_url":"https:\/\/fratelliclothes.com\/cr\/nueva-coleccion\/","og_site_name":"Fratelli Clothes | Costa Rica","article_modified_time":"2025-06-08T00:51:43+00:00","twitter_card":"summary_large_image","twitter_misc":{"Est. reading time":"1 minuto"},"schema":{"@context":"https:\/\/schema.org","@graph":[{"@type":"WebPage","@id":"https:\/\/fratelliclothes.com\/cr\/nueva-coleccion\/","url":"https:\/\/fratelliclothes.com\/cr\/nueva-coleccion\/","name":"Colecci\u00f3n De Barro Somos Fratelli | Fratelli Clothes | Costa Rica","isPartOf":{"@id":"https:\/\/fratelliclothes.com\/cr\/#website"},"datePublished":"2025-04-05T04:07:37+00:00","dateModified":"2025-06-08T00:51:43+00:00","description":"Descubre De Barro Somos, la colecci\u00f3n de Fratelli que nace del barro. Piezas que honran nuestra naturaleza moldeable, imperfecta y la conexi\u00f3n con la tierra.","breadcrumb":{"@id":"https:\/\/fratelliclothes.com\/cr\/nueva-coleccion\/#breadcrumb"},"inLanguage":"es-CR","potentialAction":[{"@type":"ReadAction","target":["https:\/\/fratelliclothes.com\/cr\/nueva-coleccion\/"]}]},{"@type":"BreadcrumbList","@id":"https:\/\/fratelliclothes.com\/cr\/nueva-coleccion\/#breadcrumb","itemListElement":[{"@type":"ListItem","position":1,"name":"Portada","item":"https:\/\/fratelliclothes.com\/cr\/"},{"@type":"ListItem","position":2,"name":"Nueva colecci\u00f3n"}]},{"@type":"WebSite","@id":"https:\/\/fratelliclothes.com\/cr\/#website","url":"https:\/\/fratelliclothes.com\/cr\/","name":"Fratelli","description":"\u2018DE BARRO SOMOS Una colecci\u00f3n que honra lo vivido, lo sentido y lo que a\u00fan est\u00e1 por cambiar.","publisher":{"@id":"https:\/\/fratelliclothes.com\/cr\/#organization"},"potentialAction":[{"@type":"SearchAction","target":{"@type":"EntryPoint","urlTemplate":"https:\/\/fratelliclothes.com\/cr\/?s={search_term_string}"},"query-input":{"@type":"PropertyValueSpecification","valueRequired":true,"valueName":"search_term_string"}}],"inLanguage":"es-CR"},{"@type":"Organization","@id":"https:\/\/fratelliclothes.com\/cr\/#organization","name":"Fratelli","url":"https:\/\/fratelliclothes.com\/cr\/","logo":{"@type":"ImageObject","inLanguage":"es-CR","@id":"https:\/\/fratelliclothes.com\/cr\/#\/schema\/logo\/image\/","url":"https:\/\/fratelliclothes.com\/cr\/wp-content\/uploads\/2025\/04\/Logo-Fratelli-a-color.svg","contentUrl":"https:\/\/fratelliclothes.com\/cr\/wp-content\/uploads\/2025\/04\/Logo-Fratelli-a-color.svg","width":155,"height":34,"caption":"Fratelli"},"image":{"@id":"https:\/\/fratelliclothes.com\/cr\/#\/schema\/logo\/image\/"},"sameAs":["https:\/\/www.instagram.com\/fratelli.clothes","https:\/\/www.tiktok.com\/@fratelli.clothes?_t=8V56fbk2BpF&_r=1"]}]}},"_links":{"self":[{"href":"https:\/\/fratelliclothes.com\/cr\/wp-json\/wp\/v2\/pages\/112","targetHints":{"allow":["GET"]}}],"collection":[{"href":"https:\/\/fratelliclothes.com\/cr\/wp-json\/wp\/v2\/pages"}],"about":[{"href":"https:\/\/fratelliclothes.com\/cr\/wp-json\/wp\/v2\/types\/page"}],"author":[{"embeddable":true,"href":"https:\/\/fratelliclothes.com\/cr\/wp-json\/wp\/v2\/users\/2"}],"replies":[{"embeddable":true,"href":"https:\/\/fratelliclothes.com\/cr\/wp-json\/wp\/v2\/comments?post=112"}],"version-history":[{"count":136,"href":"https:\/\/fratelliclothes.com\/cr\/wp-json\/wp\/v2\/pages\/112\/revisions"}],"predecessor-version":[{"id":2792,"href":"https:\/\/fratelliclothes.com\/cr\/wp-json\/wp\/v2\/pages\/112\/revisions\/2792"}],"wp:attachment":[{"href":"https:\/\/fratelliclothes.com\/cr\/wp-json\/wp\/v2\/media?parent=112"}],"curies":[{"name":"wp","href":"https:\/\/api.w.org\/{rel}","templated":true}]}}