{"id":97,"date":"2025-04-05T04:05:58","date_gmt":"2025-04-05T04:05:58","guid":{"rendered":"https:\/\/pagina.jecosstravels.com\/?page_id=97"},"modified":"2025-06-17T07:28:35","modified_gmt":"2025-06-17T13:28:35","slug":"inicio","status":"publish","type":"page","link":"https:\/\/fratelliclothes.com\/cr\/","title":{"rendered":"Inicio"},"content":{"rendered":"\t\t<div data-elementor-type=\"wp-page\" data-elementor-id=\"97\" class=\"elementor elementor-97\" data-elementor-post-type=\"page\">\n\t\t\t\t<div class=\"elementor-element elementor-element-5c0c894 e-con-full e-flex e-con e-parent\" data-id=\"5c0c894\" data-element_type=\"container\" data-settings=\"{&quot;background_background&quot;:&quot;classic&quot;}\">\n\t\t<div class=\"elementor-element elementor-element-5eb0c98 e-flex e-con-boxed e-con e-child\" data-id=\"5eb0c98\" data-element_type=\"container\">\n\t\t\t\t\t<div class=\"e-con-inner\">\n\t\t<div class=\"elementor-element elementor-element-129dfe4 e-con-full e-flex e-con e-child\" data-id=\"129dfe4\" data-element_type=\"container\">\n\t\t\t\t<div class=\"elementor-element elementor-element-18ff85b elementor-widget elementor-widget-heading\" data-id=\"18ff85b\" data-element_type=\"widget\" data-widget_type=\"heading.default\">\n\t\t\t\t<div class=\"elementor-widget-container\">\n\t\t\t\t\t<span class=\"elementor-heading-title elementor-size-default\">Nueva Colecci\u00f3n<\/span>\t\t\t\t<\/div>\n\t\t\t\t<\/div>\n\t\t\t\t<\/div>\n\t\t\t\t<div class=\"elementor-element elementor-element-34d30d9 elementor-widget elementor-widget-heading\" data-id=\"34d30d9\" data-element_type=\"widget\" data-widget_type=\"heading.default\">\n\t\t\t\t<div class=\"elementor-widget-container\">\n\t\t\t\t\t<span class=\"elementor-heading-title elementor-size-default\">De barro somos<\/span>\t\t\t\t<\/div>\n\t\t\t\t<\/div>\n\t\t\t\t\t<\/div>\n\t\t\t\t<\/div>\n\t\t\t\t<div class=\"elementor-element elementor-element-6cadf7e elementor-align-center elementor-widget elementor-widget-button\" data-id=\"6cadf7e\" data-element_type=\"widget\" data-widget_type=\"button.default\">\n\t\t\t\t<div class=\"elementor-widget-container\">\n\t\t\t\t\t\t\t\t\t<div class=\"elementor-button-wrapper\">\n\t\t\t\t\t<a class=\"elementor-button elementor-button-link elementor-size-sm\" href=\"https:\/\/fratelliclothes.com\/cr\/nueva-coleccion\/\">\n\t\t\t\t\t\t<span class=\"elementor-button-content-wrapper\">\n\t\t\t\t\t\t\t\t\t<span class=\"elementor-button-text\">Pr\u00f3ximamente<\/span>\n\t\t\t\t\t<\/span>\n\t\t\t\t\t<\/a>\n\t\t\t\t<\/div>\n\t\t\t\t\t\t\t\t<\/div>\n\t\t\t\t<\/div>\n\t\t\t\t<\/div>\n\t\t<div class=\"elementor-element elementor-element-dd20dcd e-con-full e-flex e-con e-parent\" data-id=\"dd20dcd\" data-element_type=\"container\">\n\t\t<div class=\"elementor-element elementor-element-ece5085 e-flex e-con-boxed e-con e-child\" data-id=\"ece5085\" data-element_type=\"container\" data-settings=\"{&quot;background_background&quot;:&quot;classic&quot;}\">\n\t\t\t\t\t<div class=\"e-con-inner\">\n\t\t<div class=\"elementor-element elementor-element-8d53497 e-con-full e-flex elementor-invisible e-con e-child\" data-id=\"8d53497\" data-element_type=\"container\" data-settings=\"{&quot;sticky&quot;:&quot;bottom&quot;,&quot;sticky_parent&quot;:&quot;yes&quot;,&quot;animation&quot;:&quot;fadeIn&quot;,&quot;sticky_on&quot;:[&quot;desktop&quot;,&quot;tablet&quot;,&quot;mobile&quot;],&quot;sticky_offset&quot;:0,&quot;sticky_effects_offset&quot;:0,&quot;sticky_anchor_link_offset&quot;:0}\">\n\t\t\t\t<div class=\"elementor-element elementor-element-02a44ac elementor-widget elementor-widget-heading\" data-id=\"02a44ac\" data-element_type=\"widget\" data-widget_type=\"heading.default\">\n\t\t\t\t<div class=\"elementor-widget-container\">\n\t\t\t\t\t<h2 class=\"elementor-heading-title elementor-size-default\"><a href=\"https:\/\/fratelliclothes.com\/cr\/categoria-producto\/hombre\/\">Hombre<\/a><\/h2>\t\t\t\t<\/div>\n\t\t\t\t<\/div>\n\t\t<div class=\"elementor-element elementor-element-9caae22 e-con-full e-flex e-con e-child\" data-id=\"9caae22\" data-element_type=\"container\">\n\t\t\t\t<div class=\"elementor-element elementor-element-fdb896c elementor-widget elementor-widget-button\" data-id=\"fdb896c\" data-element_type=\"widget\" data-widget_type=\"button.default\">\n\t\t\t\t<div class=\"elementor-widget-container\">\n\t\t\t\t\t\t\t\t\t<div class=\"elementor-button-wrapper\">\n\t\t\t\t\t<a class=\"elementor-button elementor-button-link elementor-size-sm\" href=\"https:\/\/fratelliclothes.com\/cr\/categoria-producto\/hombre\/superiores\/\">\n\t\t\t\t\t\t<span class=\"elementor-button-content-wrapper\">\n\t\t\t\t\t\t\t\t\t<span class=\"elementor-button-text\">Superiores<\/span>\n\t\t\t\t\t<\/span>\n\t\t\t\t\t<\/a>\n\t\t\t\t<\/div>\n\t\t\t\t\t\t\t\t<\/div>\n\t\t\t\t<\/div>\n\t\t\t\t<div class=\"elementor-element elementor-element-6754940 elementor-widget elementor-widget-button\" data-id=\"6754940\" data-element_type=\"widget\" data-widget_type=\"button.default\">\n\t\t\t\t<div class=\"elementor-widget-container\">\n\t\t\t\t\t\t\t\t\t<div class=\"elementor-button-wrapper\">\n\t\t\t\t\t<a class=\"elementor-button elementor-button-link elementor-size-sm\" href=\"https:\/\/fratelliclothes.com\/cr\/categoria-producto\/hombre\/inferiores\/\">\n\t\t\t\t\t\t<span class=\"elementor-button-content-wrapper\">\n\t\t\t\t\t\t\t\t\t<span class=\"elementor-button-text\">Inferiores<\/span>\n\t\t\t\t\t<\/span>\n\t\t\t\t\t<\/a>\n\t\t\t\t<\/div>\n\t\t\t\t\t\t\t\t<\/div>\n\t\t\t\t<\/div>\n\t\t\t\t<div class=\"elementor-element elementor-element-272ca33 elementor-widget elementor-widget-button\" data-id=\"272ca33\" data-element_type=\"widget\" data-widget_type=\"button.default\">\n\t\t\t\t<div class=\"elementor-widget-container\">\n\t\t\t\t\t\t\t\t\t<div class=\"elementor-button-wrapper\">\n\t\t\t\t\t<a class=\"elementor-button elementor-button-link elementor-size-sm\" href=\"https:\/\/fratelliclothes.com\/cr\/categoria-producto\/hombre\/conjuntos\/\">\n\t\t\t\t\t\t<span class=\"elementor-button-content-wrapper\">\n\t\t\t\t\t\t\t\t\t<span class=\"elementor-button-text\">Conjuntos<\/span>\n\t\t\t\t\t<\/span>\n\t\t\t\t\t<\/a>\n\t\t\t\t<\/div>\n\t\t\t\t\t\t\t\t<\/div>\n\t\t\t\t<\/div>\n\t\t\t\t<div class=\"elementor-element elementor-element-4098507 elementor-widget elementor-widget-button\" data-id=\"4098507\" data-element_type=\"widget\" data-widget_type=\"button.default\">\n\t\t\t\t<div class=\"elementor-widget-container\">\n\t\t\t\t\t\t\t\t\t<div class=\"elementor-button-wrapper\">\n\t\t\t\t\t<a class=\"elementor-button elementor-button-link elementor-size-sm\" href=\"https:\/\/fratelliclothes.com\/cr\/categoria-producto\/hombre\/complementos\/\">\n\t\t\t\t\t\t<span class=\"elementor-button-content-wrapper\">\n\t\t\t\t\t\t\t\t\t<span class=\"elementor-button-text\">Complementos<\/span>\n\t\t\t\t\t<\/span>\n\t\t\t\t\t<\/a>\n\t\t\t\t<\/div>\n\t\t\t\t\t\t\t\t<\/div>\n\t\t\t\t<\/div>\n\t\t\t\t<\/div>\n\t\t\t\t<\/div>\n\t\t\t\t\t<\/div>\n\t\t\t\t<\/div>\n\t\t<div class=\"elementor-element elementor-element-b8965de e-flex e-con-boxed e-con e-child\" data-id=\"b8965de\" data-element_type=\"container\" data-settings=\"{&quot;background_background&quot;:&quot;classic&quot;}\">\n\t\t\t\t\t<div class=\"e-con-inner\">\n\t\t<div class=\"elementor-element elementor-element-3bb10af e-con-full e-flex elementor-invisible e-con e-child\" data-id=\"3bb10af\" data-element_type=\"container\" data-settings=\"{&quot;sticky&quot;:&quot;bottom&quot;,&quot;sticky_parent&quot;:&quot;yes&quot;,&quot;animation&quot;:&quot;fadeIn&quot;,&quot;sticky_on&quot;:[&quot;desktop&quot;,&quot;tablet&quot;,&quot;mobile&quot;],&quot;sticky_offset&quot;:0,&quot;sticky_effects_offset&quot;:0,&quot;sticky_anchor_link_offset&quot;:0}\">\n\t\t\t\t<div class=\"elementor-element elementor-element-ba14887 elementor-widget elementor-widget-heading\" data-id=\"ba14887\" data-element_type=\"widget\" data-widget_type=\"heading.default\">\n\t\t\t\t<div class=\"elementor-widget-container\">\n\t\t\t\t\t<h2 class=\"elementor-heading-title elementor-size-default\"><a href=\"https:\/\/fratelliclothes.com\/cr\/categoria-producto\/mujer\/\">Mujer<\/a><\/h2>\t\t\t\t<\/div>\n\t\t\t\t<\/div>\n\t\t<div class=\"elementor-element elementor-element-5315f7a e-con-full e-flex e-con e-child\" data-id=\"5315f7a\" data-element_type=\"container\">\n\t\t\t\t<div class=\"elementor-element elementor-element-ce854e4 elementor-widget elementor-widget-button\" data-id=\"ce854e4\" data-element_type=\"widget\" data-widget_type=\"button.default\">\n\t\t\t\t<div class=\"elementor-widget-container\">\n\t\t\t\t\t\t\t\t\t<div class=\"elementor-button-wrapper\">\n\t\t\t\t\t<a class=\"elementor-button elementor-button-link elementor-size-sm\" href=\"https:\/\/fratelliclothes.com\/cr\/categoria-producto\/mujer\/superiores-mujer\/\">\n\t\t\t\t\t\t<span class=\"elementor-button-content-wrapper\">\n\t\t\t\t\t\t\t\t\t<span class=\"elementor-button-text\">Superiores<\/span>\n\t\t\t\t\t<\/span>\n\t\t\t\t\t<\/a>\n\t\t\t\t<\/div>\n\t\t\t\t\t\t\t\t<\/div>\n\t\t\t\t<\/div>\n\t\t\t\t<div class=\"elementor-element elementor-element-af6eaa6 elementor-widget elementor-widget-button\" data-id=\"af6eaa6\" data-element_type=\"widget\" data-widget_type=\"button.default\">\n\t\t\t\t<div class=\"elementor-widget-container\">\n\t\t\t\t\t\t\t\t\t<div class=\"elementor-button-wrapper\">\n\t\t\t\t\t<a class=\"elementor-button elementor-button-link elementor-size-sm\" href=\"https:\/\/fratelliclothes.com\/cr\/categoria-producto\/mujer\/inferiores-mujer\/pantalones-inferiores-mujer\/\">\n\t\t\t\t\t\t<span class=\"elementor-button-content-wrapper\">\n\t\t\t\t\t\t\t\t\t<span class=\"elementor-button-text\">Inferiores<\/span>\n\t\t\t\t\t<\/span>\n\t\t\t\t\t<\/a>\n\t\t\t\t<\/div>\n\t\t\t\t\t\t\t\t<\/div>\n\t\t\t\t<\/div>\n\t\t\t\t<div class=\"elementor-element elementor-element-196a24f elementor-widget elementor-widget-button\" data-id=\"196a24f\" data-element_type=\"widget\" data-widget_type=\"button.default\">\n\t\t\t\t<div class=\"elementor-widget-container\">\n\t\t\t\t\t\t\t\t\t<div class=\"elementor-button-wrapper\">\n\t\t\t\t\t<a class=\"elementor-button elementor-button-link elementor-size-sm\" href=\"https:\/\/fratelliclothes.com\/cr\/categoria-producto\/mujer\/vestidos\/\">\n\t\t\t\t\t\t<span class=\"elementor-button-content-wrapper\">\n\t\t\t\t\t\t\t\t\t<span class=\"elementor-button-text\">Vestidos<\/span>\n\t\t\t\t\t<\/span>\n\t\t\t\t\t<\/a>\n\t\t\t\t<\/div>\n\t\t\t\t\t\t\t\t<\/div>\n\t\t\t\t<\/div>\n\t\t\t\t<div class=\"elementor-element elementor-element-9054584 elementor-widget elementor-widget-button\" data-id=\"9054584\" data-element_type=\"widget\" data-widget_type=\"button.default\">\n\t\t\t\t<div class=\"elementor-widget-container\">\n\t\t\t\t\t\t\t\t\t<div class=\"elementor-button-wrapper\">\n\t\t\t\t\t<a class=\"elementor-button elementor-button-link elementor-size-sm\" href=\"https:\/\/fratelliclothes.com\/cr\/categoria-producto\/mujer\/conjuntos-mujer\/\">\n\t\t\t\t\t\t<span class=\"elementor-button-content-wrapper\">\n\t\t\t\t\t\t\t\t\t<span class=\"elementor-button-text\">Conjuntos<\/span>\n\t\t\t\t\t<\/span>\n\t\t\t\t\t<\/a>\n\t\t\t\t<\/div>\n\t\t\t\t\t\t\t\t<\/div>\n\t\t\t\t<\/div>\n\t\t\t\t<\/div>\n\t\t\t\t<\/div>\n\t\t\t\t\t<\/div>\n\t\t\t\t<\/div>\n\t\t\t\t<\/div>\n\t\t<div class=\"elementor-element elementor-element-0c111ad e-flex e-con-boxed e-con e-parent\" data-id=\"0c111ad\" data-element_type=\"container\" data-settings=\"{&quot;background_background&quot;:&quot;classic&quot;}\">\n\t\t\t\t\t<div class=\"e-con-inner\">\n\t\t\t\t<div class=\"elementor-element elementor-element-ceca846 elementor-invisible elementor-widget elementor-widget-heading\" data-id=\"ceca846\" data-element_type=\"widget\" data-settings=\"{&quot;motion_fx_motion_fx_scrolling&quot;:&quot;yes&quot;,&quot;_animation&quot;:&quot;fadeInUp&quot;,&quot;motion_fx_devices&quot;:[&quot;desktop&quot;,&quot;tablet&quot;,&quot;mobile&quot;]}\" data-widget_type=\"heading.default\">\n\t\t\t\t<div class=\"elementor-widget-container\">\n\t\t\t\t\t<span class=\"elementor-heading-title elementor-size-default\">Fratelli es una forma de habitar la vida con calma, autenticidad y alma. Dise\u00f1amos piezas que se sienten como una pausa, una respiraci\u00f3n profunda, un regreso a lo esencial. Vestir Fratelli es\nvestir lo que te mueve por dentro, sin tener que explicarlo en voz alta.<\/span>\t\t\t\t<\/div>\n\t\t\t\t<\/div>\n\t\t<div class=\"elementor-element elementor-element-d86bbea e-con-full e-flex e-con e-child\" data-id=\"d86bbea\" data-element_type=\"container\">\n\t\t<div class=\"elementor-element elementor-element-fda7b8d e-con-full animated-fast e-flex elementor-invisible e-con e-child\" data-id=\"fda7b8d\" data-element_type=\"container\" data-settings=\"{&quot;animation&quot;:&quot;fadeInLeft&quot;}\">\n\t\t<div class=\"elementor-element elementor-element-6655149 e-con-full e-flex e-con e-child\" data-id=\"6655149\" data-element_type=\"container\" data-settings=\"{&quot;background_background&quot;:&quot;classic&quot;}\">\n\t\t\t\t<\/div>\n\t\t<div class=\"elementor-element elementor-element-a87de8b e-con-full e-flex e-con e-child\" data-id=\"a87de8b\" data-element_type=\"container\">\n\t\t\t\t<div class=\"elementor-element elementor-element-bcd49b5 elementor-widget elementor-widget-heading\" data-id=\"bcd49b5\" data-element_type=\"widget\" data-widget_type=\"heading.default\">\n\t\t\t\t<div class=\"elementor-widget-container\">\n\t\t\t\t\t<h3 class=\"elementor-heading-title elementor-size-default\">Sostenibilidad<\/h3>\t\t\t\t<\/div>\n\t\t\t\t<\/div>\n\t\t\t\t<div class=\"elementor-element elementor-element-e9fe17f elementor-widget elementor-widget-heading\" data-id=\"e9fe17f\" data-element_type=\"widget\" data-widget_type=\"heading.default\">\n\t\t\t\t<div class=\"elementor-widget-container\">\n\t\t\t\t\t<h2 class=\"elementor-heading-title elementor-size-default\">Nuestro compromiso con el planeta empieza por lo que decidimos no ignorar. Trabajamos con lino y algod\u00f3n 100%, usamos botones de coco o reciclados y evitamos el exceso . Sindo estas acciones solo el inicio de nuestro compromiso por la sostenibilidad.<\/h2>\t\t\t\t<\/div>\n\t\t\t\t<\/div>\n\t\t\t\t<\/div>\n\t\t\t\t<\/div>\n\t\t<div class=\"elementor-element elementor-element-f80c169 e-con-full animated-fast e-flex elementor-invisible e-con e-child\" data-id=\"f80c169\" data-element_type=\"container\" data-settings=\"{&quot;animation&quot;:&quot;fadeInRight&quot;}\">\n\t\t<div class=\"elementor-element elementor-element-8fb805b e-con-full e-flex e-con e-child\" data-id=\"8fb805b\" data-element_type=\"container\" data-settings=\"{&quot;background_background&quot;:&quot;classic&quot;}\">\n\t\t\t\t<\/div>\n\t\t<div class=\"elementor-element elementor-element-165ba8c e-con-full e-flex e-con e-child\" data-id=\"165ba8c\" data-element_type=\"container\">\n\t\t\t\t<div class=\"elementor-element elementor-element-08778b2 elementor-widget elementor-widget-heading\" data-id=\"08778b2\" data-element_type=\"widget\" data-widget_type=\"heading.default\">\n\t\t\t\t<div class=\"elementor-widget-container\">\n\t\t\t\t\t<h3 class=\"elementor-heading-title elementor-size-default\">Compromiso humano<\/h3>\t\t\t\t<\/div>\n\t\t\t\t<\/div>\n\t\t\t\t<div class=\"elementor-element elementor-element-10f18a1 elementor-widget elementor-widget-heading\" data-id=\"10f18a1\" data-element_type=\"widget\" data-widget_type=\"heading.default\">\n\t\t\t\t<div class=\"elementor-widget-container\">\n\t\t\t\t\t<h2 class=\"elementor-heading-title elementor-size-default\">Cada prenda que creamos pasa por manos reales. Valoramos el tiempo, el oficio y el v\u00ednculo.\nTrabajamos junto a artesanas y talleres con los que construimos relaciones \u00e9ticas y humanas. Al\nelegir Fratelli, est\u00e1s apoyando oficios tradicionales, producci\u00f3n local y una forma de crear m\u00e1s\nconsciente. Porque no es solo como se ve la ropa:  tambi\u00e9n importa la forma en que fue hecha.<\/h2>\t\t\t\t<\/div>\n\t\t\t\t<\/div>\n\t\t\t\t<\/div>\n\t\t\t\t<\/div>\n\t\t\t\t<\/div>\n\t\t\t\t\t<\/div>\n\t\t\t\t<\/div>\n\t\t\t\t<\/div>\n\t\t","protected":false},"excerpt":{"rendered":"<p>Nueva Colecci\u00f3n De barro somos Pr\u00f3ximamente Hombre Superiores Inferiores Conjuntos Complementos Mujer Superiores Inferiores Vestidos Conjuntos Fratelli es una forma de habitar la vida con calma, autenticidad y alma. Dise\u00f1amos piezas que se sienten como una pausa, una respiraci\u00f3n profunda, un regreso a lo esencial. Vestir Fratelli es vestir lo que te mueve por dentro, [&hellip;]<\/p>\n","protected":false},"author":2,"featured_media":2808,"parent":0,"menu_order":0,"comment_status":"closed","ping_status":"closed","template":"","meta":{"inline_featured_image":false,"footnotes":""},"class_list":["post-97","page","type-page","status-publish","has-post-thumbnail","hentry"],"yoast_head":"<!-- This site is optimized with the Yoast SEO plugin v25.3 - https:\/\/yoast.com\/wordpress\/plugins\/seo\/ -->\n<title>Fratelli Clothes | Costa Rica<\/title>\n<meta name=\"description\" content=\"Fratelli, ropa artesanal colombiana que celebra la transformaci\u00f3n. Colecciones exclusivas de ropa en lino, algod\u00f3n y tejidos naturales.\" \/>\n<meta name=\"robots\" content=\"index, follow, max-snippet:-1, max-image-preview:large, max-video-preview:-1\" \/>\n<link rel=\"canonical\" href=\"https:\/\/fratelliclothes.com\/cr\/\" \/>\n<meta property=\"og:locale\" content=\"es_ES\" \/>\n<meta property=\"og:type\" content=\"article\" \/>\n<meta property=\"og:title\" content=\"Fratelli Clothes | Costa Rica\" \/>\n<meta property=\"og:description\" content=\"Fratelli, ropa artesanal colombiana que celebra la transformaci\u00f3n. Colecciones exclusivas de ropa en lino, algod\u00f3n y tejidos naturales.\" \/>\n<meta property=\"og:url\" content=\"https:\/\/fratelliclothes.com\/cr\/\" \/>\n<meta property=\"og:site_name\" content=\"Fratelli Clothes | Costa Rica\" \/>\n<meta property=\"article:modified_time\" content=\"2025-06-17T13:28:35+00:00\" \/>\n<meta property=\"og:image\" content=\"https:\/\/fratelliclothes.com\/cr\/wp-content\/uploads\/2025\/06\/Fratelli-03-scaled.jpg\" \/>\n\t<meta property=\"og:image:width\" content=\"2560\" \/>\n\t<meta property=\"og:image:height\" content=\"2560\" \/>\n\t<meta property=\"og:image:type\" content=\"image\/jpeg\" \/>\n<meta name=\"twitter:card\" content=\"summary_large_image\" \/>\n<meta name=\"twitter:label1\" content=\"Est. reading time\" \/>\n\t<meta name=\"twitter:data1\" content=\"1 minuto\" \/>\n<script type=\"application\/ld+json\" class=\"yoast-schema-graph\">{\"@context\":\"https:\/\/schema.org\",\"@graph\":[{\"@type\":\"WebPage\",\"@id\":\"https:\/\/fratelliclothes.com\/cr\/\",\"url\":\"https:\/\/fratelliclothes.com\/cr\/\",\"name\":\"Fratelli Clothes | Costa Rica\",\"isPartOf\":{\"@id\":\"https:\/\/fratelliclothes.com\/cr\/#website\"},\"primaryImageOfPage\":{\"@id\":\"https:\/\/fratelliclothes.com\/cr\/#primaryimage\"},\"image\":{\"@id\":\"https:\/\/fratelliclothes.com\/cr\/#primaryimage\"},\"thumbnailUrl\":\"https:\/\/fratelliclothes.com\/cr\/wp-content\/uploads\/2025\/06\/Fratelli-03-scaled.jpg\",\"datePublished\":\"2025-04-05T04:05:58+00:00\",\"dateModified\":\"2025-06-17T13:28:35+00:00\",\"description\":\"Fratelli, ropa artesanal colombiana que celebra la transformaci\u00f3n. Colecciones exclusivas de ropa en lino, algod\u00f3n y tejidos naturales.\",\"breadcrumb\":{\"@id\":\"https:\/\/fratelliclothes.com\/cr\/#breadcrumb\"},\"inLanguage\":\"es-CR\",\"potentialAction\":[{\"@type\":\"ReadAction\",\"target\":[\"https:\/\/fratelliclothes.com\/cr\/\"]}]},{\"@type\":\"ImageObject\",\"inLanguage\":\"es-CR\",\"@id\":\"https:\/\/fratelliclothes.com\/cr\/#primaryimage\",\"url\":\"https:\/\/fratelliclothes.com\/cr\/wp-content\/uploads\/2025\/06\/Fratelli-03-scaled.jpg\",\"contentUrl\":\"https:\/\/fratelliclothes.com\/cr\/wp-content\/uploads\/2025\/06\/Fratelli-03-scaled.jpg\",\"width\":2560,\"height\":2560,\"caption\":\"Fratelli\"},{\"@type\":\"BreadcrumbList\",\"@id\":\"https:\/\/fratelliclothes.com\/cr\/#breadcrumb\",\"itemListElement\":[{\"@type\":\"ListItem\",\"position\":1,\"name\":\"Portada\",\"item\":\"https:\/\/fratelliclothes.com\/cr\/\"},{\"@type\":\"ListItem\",\"position\":2,\"name\":\"Inicio\"}]},{\"@type\":\"WebSite\",\"@id\":\"https:\/\/fratelliclothes.com\/cr\/#website\",\"url\":\"https:\/\/fratelliclothes.com\/cr\/\",\"name\":\"Fratelli\",\"description\":\"\u2018DE BARRO SOMOS Una colecci\u00f3n que honra lo vivido, lo sentido y lo que a\u00fan est\u00e1 por cambiar.\",\"publisher\":{\"@id\":\"https:\/\/fratelliclothes.com\/cr\/#organization\"},\"potentialAction\":[{\"@type\":\"SearchAction\",\"target\":{\"@type\":\"EntryPoint\",\"urlTemplate\":\"https:\/\/fratelliclothes.com\/cr\/?s={search_term_string}\"},\"query-input\":{\"@type\":\"PropertyValueSpecification\",\"valueRequired\":true,\"valueName\":\"search_term_string\"}}],\"inLanguage\":\"es-CR\"},{\"@type\":\"Organization\",\"@id\":\"https:\/\/fratelliclothes.com\/cr\/#organization\",\"name\":\"Fratelli\",\"url\":\"https:\/\/fratelliclothes.com\/cr\/\",\"logo\":{\"@type\":\"ImageObject\",\"inLanguage\":\"es-CR\",\"@id\":\"https:\/\/fratelliclothes.com\/cr\/#\/schema\/logo\/image\/\",\"url\":\"https:\/\/fratelliclothes.com\/cr\/wp-content\/uploads\/2025\/04\/Logo-Fratelli-a-color.svg\",\"contentUrl\":\"https:\/\/fratelliclothes.com\/cr\/wp-content\/uploads\/2025\/04\/Logo-Fratelli-a-color.svg\",\"width\":155,\"height\":34,\"caption\":\"Fratelli\"},\"image\":{\"@id\":\"https:\/\/fratelliclothes.com\/cr\/#\/schema\/logo\/image\/\"},\"sameAs\":[\"https:\/\/www.instagram.com\/fratelli.clothes\",\"https:\/\/www.tiktok.com\/@fratelli.clothes?_t=8V56fbk2BpF&_r=1\"]}]}<\/script>\n<!-- \/ Yoast SEO plugin. -->","yoast_head_json":{"title":"Fratelli Clothes | Costa Rica","description":"Fratelli, ropa artesanal colombiana que celebra la transformaci\u00f3n. Colecciones exclusivas de ropa en lino, algod\u00f3n y tejidos naturales.","robots":{"index":"index","follow":"follow","max-snippet":"max-snippet:-1","max-image-preview":"max-image-preview:large","max-video-preview":"max-video-preview:-1"},"canonical":"https:\/\/fratelliclothes.com\/cr\/","og_locale":"es_ES","og_type":"article","og_title":"Fratelli Clothes | Costa Rica","og_description":"Fratelli, ropa artesanal colombiana que celebra la transformaci\u00f3n. Colecciones exclusivas de ropa en lino, algod\u00f3n y tejidos naturales.","og_url":"https:\/\/fratelliclothes.com\/cr\/","og_site_name":"Fratelli Clothes | Costa Rica","article_modified_time":"2025-06-17T13:28:35+00:00","og_image":[{"width":2560,"height":2560,"url":"https:\/\/fratelliclothes.com\/cr\/wp-content\/uploads\/2025\/06\/Fratelli-03-scaled.jpg","type":"image\/jpeg"}],"twitter_card":"summary_large_image","twitter_misc":{"Est. reading time":"1 minuto"},"schema":{"@context":"https:\/\/schema.org","@graph":[{"@type":"WebPage","@id":"https:\/\/fratelliclothes.com\/cr\/","url":"https:\/\/fratelliclothes.com\/cr\/","name":"Fratelli Clothes | Costa Rica","isPartOf":{"@id":"https:\/\/fratelliclothes.com\/cr\/#website"},"primaryImageOfPage":{"@id":"https:\/\/fratelliclothes.com\/cr\/#primaryimage"},"image":{"@id":"https:\/\/fratelliclothes.com\/cr\/#primaryimage"},"thumbnailUrl":"https:\/\/fratelliclothes.com\/cr\/wp-content\/uploads\/2025\/06\/Fratelli-03-scaled.jpg","datePublished":"2025-04-05T04:05:58+00:00","dateModified":"2025-06-17T13:28:35+00:00","description":"Fratelli, ropa artesanal colombiana que celebra la transformaci\u00f3n. Colecciones exclusivas de ropa en lino, algod\u00f3n y tejidos naturales.","breadcrumb":{"@id":"https:\/\/fratelliclothes.com\/cr\/#breadcrumb"},"inLanguage":"es-CR","potentialAction":[{"@type":"ReadAction","target":["https:\/\/fratelliclothes.com\/cr\/"]}]},{"@type":"ImageObject","inLanguage":"es-CR","@id":"https:\/\/fratelliclothes.com\/cr\/#primaryimage","url":"https:\/\/fratelliclothes.com\/cr\/wp-content\/uploads\/2025\/06\/Fratelli-03-scaled.jpg","contentUrl":"https:\/\/fratelliclothes.com\/cr\/wp-content\/uploads\/2025\/06\/Fratelli-03-scaled.jpg","width":2560,"height":2560,"caption":"Fratelli"},{"@type":"BreadcrumbList","@id":"https:\/\/fratelliclothes.com\/cr\/#breadcrumb","itemListElement":[{"@type":"ListItem","position":1,"name":"Portada","item":"https:\/\/fratelliclothes.com\/cr\/"},{"@type":"ListItem","position":2,"name":"Inicio"}]},{"@type":"WebSite","@id":"https:\/\/fratelliclothes.com\/cr\/#website","url":"https:\/\/fratelliclothes.com\/cr\/","name":"Fratelli","description":"\u2018DE BARRO SOMOS Una colecci\u00f3n que honra lo vivido, lo sentido y lo que a\u00fan est\u00e1 por cambiar.","publisher":{"@id":"https:\/\/fratelliclothes.com\/cr\/#organization"},"potentialAction":[{"@type":"SearchAction","target":{"@type":"EntryPoint","urlTemplate":"https:\/\/fratelliclothes.com\/cr\/?s={search_term_string}"},"query-input":{"@type":"PropertyValueSpecification","valueRequired":true,"valueName":"search_term_string"}}],"inLanguage":"es-CR"},{"@type":"Organization","@id":"https:\/\/fratelliclothes.com\/cr\/#organization","name":"Fratelli","url":"https:\/\/fratelliclothes.com\/cr\/","logo":{"@type":"ImageObject","inLanguage":"es-CR","@id":"https:\/\/fratelliclothes.com\/cr\/#\/schema\/logo\/image\/","url":"https:\/\/fratelliclothes.com\/cr\/wp-content\/uploads\/2025\/04\/Logo-Fratelli-a-color.svg","contentUrl":"https:\/\/fratelliclothes.com\/cr\/wp-content\/uploads\/2025\/04\/Logo-Fratelli-a-color.svg","width":155,"height":34,"caption":"Fratelli"},"image":{"@id":"https:\/\/fratelliclothes.com\/cr\/#\/schema\/logo\/image\/"},"sameAs":["https:\/\/www.instagram.com\/fratelli.clothes","https:\/\/www.tiktok.com\/@fratelli.clothes?_t=8V56fbk2BpF&_r=1"]}]}},"_links":{"self":[{"href":"https:\/\/fratelliclothes.com\/cr\/wp-json\/wp\/v2\/pages\/97","targetHints":{"allow":["GET"]}}],"collection":[{"href":"https:\/\/fratelliclothes.com\/cr\/wp-json\/wp\/v2\/pages"}],"about":[{"href":"https:\/\/fratelliclothes.com\/cr\/wp-json\/wp\/v2\/types\/page"}],"author":[{"embeddable":true,"href":"https:\/\/fratelliclothes.com\/cr\/wp-json\/wp\/v2\/users\/2"}],"replies":[{"embeddable":true,"href":"https:\/\/fratelliclothes.com\/cr\/wp-json\/wp\/v2\/comments?post=97"}],"version-history":[{"count":148,"href":"https:\/\/fratelliclothes.com\/cr\/wp-json\/wp\/v2\/pages\/97\/revisions"}],"predecessor-version":[{"id":2938,"href":"https:\/\/fratelliclothes.com\/cr\/wp-json\/wp\/v2\/pages\/97\/revisions\/2938"}],"wp:featuredmedia":[{"embeddable":true,"href":"https:\/\/fratelliclothes.com\/cr\/wp-json\/wp\/v2\/media\/2808"}],"wp:attachment":[{"href":"https:\/\/fratelliclothes.com\/cr\/wp-json\/wp\/v2\/media?parent=97"}],"curies":[{"name":"wp","href":"https:\/\/api.w.org\/{rel}","templated":true}]}}