{"id":1224,"date":"2022-08-30T13:36:17","date_gmt":"2022-08-30T18:36:17","guid":{"rendered":"http:\/\/pagina.jecosstravels.com\/?post_type=product&#038;p=1224"},"modified":"2025-06-13T20:39:41","modified_gmt":"2025-06-14T01:39:41","slug":"conjunto-cristal","status":"publish","type":"product","link":"https:\/\/fratelliclothes.com\/cr\/producto\/conjunto-cristal\/","title":{"rendered":"Conjunto Cristal"},"content":{"rendered":"","protected":false},"excerpt":{"rendered":"<p>ELABORADO EN LINO<\/p>\n","protected":false},"featured_media":1254,"comment_status":"open","ping_status":"closed","template":"","meta":{"inline_featured_image":false},"product_brand":[],"product_cat":[20,28],"product_tag":[94,100,127],"class_list":{"0":"post-1224","1":"product","2":"type-product","3":"status-publish","4":"has-post-thumbnail","6":"product_cat-hombre","7":"product_cat-conjuntos","8":"product_tag-hombre","9":"product_tag-hombre-conjuntos","10":"product_tag-oferta","12":"first","13":"instock","14":"sale","15":"shipping-taxable","16":"purchasable","17":"product-type-variable","18":"add-to-wishlist-before_image"},"yoast_head":"<!-- This site is optimized with the Yoast SEO plugin v25.3 - https:\/\/yoast.com\/wordpress\/plugins\/seo\/ -->\n<title>Conjunto Cristal | Fratelli Clothes | Costa Rica<\/title>\n<meta name=\"robots\" content=\"index, follow, max-snippet:-1, max-image-preview:large, max-video-preview:-1\" \/>\n<link rel=\"canonical\" href=\"https:\/\/fratelliclothes.com\/cr\/producto\/conjunto-cristal\/\" \/>\n<meta property=\"og:locale\" content=\"es_ES\" \/>\n<meta property=\"og:type\" content=\"article\" \/>\n<meta property=\"og:title\" content=\"Conjunto Cristal | Fratelli Clothes | Costa Rica\" \/>\n<meta property=\"og:description\" content=\"ELABORADO EN LINO\" \/>\n<meta property=\"og:url\" content=\"https:\/\/fratelliclothes.com\/cr\/producto\/conjunto-cristal\/\" \/>\n<meta property=\"og:site_name\" content=\"Fratelli Clothes | Costa Rica\" \/>\n<meta property=\"article:modified_time\" content=\"2025-06-14T01:39:41+00:00\" \/>\n<meta property=\"og:image\" content=\"https:\/\/fratelliclothes.com\/cr\/wp-content\/uploads\/2025\/04\/IMG_3068-scaled-1.jpg\" \/>\n\t<meta property=\"og:image:width\" content=\"2048\" \/>\n\t<meta property=\"og:image:height\" content=\"2560\" \/>\n\t<meta property=\"og:image:type\" content=\"image\/jpeg\" \/>\n<meta name=\"twitter:card\" content=\"summary_large_image\" \/>\n<meta name=\"twitter:label1\" content=\"Est. reading time\" \/>\n\t<meta name=\"twitter:data1\" content=\"1 minuto\" \/>\n<script type=\"application\/ld+json\" class=\"yoast-schema-graph\">{\"@context\":\"https:\/\/schema.org\",\"@graph\":[{\"@type\":\"WebPage\",\"@id\":\"https:\/\/fratelliclothes.com\/cr\/producto\/conjunto-cristal\/\",\"url\":\"https:\/\/fratelliclothes.com\/cr\/producto\/conjunto-cristal\/\",\"name\":\"Conjunto Cristal | Fratelli Clothes | Costa Rica\",\"isPartOf\":{\"@id\":\"https:\/\/fratelliclothes.com\/cr\/#website\"},\"primaryImageOfPage\":{\"@id\":\"https:\/\/fratelliclothes.com\/cr\/producto\/conjunto-cristal\/#primaryimage\"},\"image\":{\"@id\":\"https:\/\/fratelliclothes.com\/cr\/producto\/conjunto-cristal\/#primaryimage\"},\"thumbnailUrl\":\"https:\/\/fratelliclothes.com\/cr\/wp-content\/uploads\/2025\/04\/IMG_3068-scaled-1.jpg\",\"datePublished\":\"2022-08-30T18:36:17+00:00\",\"dateModified\":\"2025-06-14T01:39:41+00:00\",\"breadcrumb\":{\"@id\":\"https:\/\/fratelliclothes.com\/cr\/producto\/conjunto-cristal\/#breadcrumb\"},\"inLanguage\":\"es-CR\",\"potentialAction\":[{\"@type\":\"ReadAction\",\"target\":[\"https:\/\/fratelliclothes.com\/cr\/producto\/conjunto-cristal\/\"]}]},{\"@type\":\"ImageObject\",\"inLanguage\":\"es-CR\",\"@id\":\"https:\/\/fratelliclothes.com\/cr\/producto\/conjunto-cristal\/#primaryimage\",\"url\":\"https:\/\/fratelliclothes.com\/cr\/wp-content\/uploads\/2025\/04\/IMG_3068-scaled-1.jpg\",\"contentUrl\":\"https:\/\/fratelliclothes.com\/cr\/wp-content\/uploads\/2025\/04\/IMG_3068-scaled-1.jpg\",\"width\":2048,\"height\":2560},{\"@type\":\"BreadcrumbList\",\"@id\":\"https:\/\/fratelliclothes.com\/cr\/producto\/conjunto-cristal\/#breadcrumb\",\"itemListElement\":[{\"@type\":\"ListItem\",\"position\":1,\"name\":\"Portada\",\"item\":\"https:\/\/fratelliclothes.com\/cr\/\"},{\"@type\":\"ListItem\",\"position\":2,\"name\":\"Tienda\",\"item\":\"https:\/\/fratelliclothes.com\/cr\/tienda\/\"},{\"@type\":\"ListItem\",\"position\":3,\"name\":\"Conjunto Cristal\"}]},{\"@type\":\"WebSite\",\"@id\":\"https:\/\/fratelliclothes.com\/cr\/#website\",\"url\":\"https:\/\/fratelliclothes.com\/cr\/\",\"name\":\"Fratelli\",\"description\":\"\u2018DE BARRO SOMOS Una colecci\u00f3n que honra lo vivido, lo sentido y lo que a\u00fan est\u00e1 por cambiar.\",\"publisher\":{\"@id\":\"https:\/\/fratelliclothes.com\/cr\/#organization\"},\"potentialAction\":[{\"@type\":\"SearchAction\",\"target\":{\"@type\":\"EntryPoint\",\"urlTemplate\":\"https:\/\/fratelliclothes.com\/cr\/?s={search_term_string}\"},\"query-input\":{\"@type\":\"PropertyValueSpecification\",\"valueRequired\":true,\"valueName\":\"search_term_string\"}}],\"inLanguage\":\"es-CR\"},{\"@type\":\"Organization\",\"@id\":\"https:\/\/fratelliclothes.com\/cr\/#organization\",\"name\":\"Fratelli\",\"url\":\"https:\/\/fratelliclothes.com\/cr\/\",\"logo\":{\"@type\":\"ImageObject\",\"inLanguage\":\"es-CR\",\"@id\":\"https:\/\/fratelliclothes.com\/cr\/#\/schema\/logo\/image\/\",\"url\":\"https:\/\/fratelliclothes.com\/cr\/wp-content\/uploads\/2025\/04\/Logo-Fratelli-a-color.svg\",\"contentUrl\":\"https:\/\/fratelliclothes.com\/cr\/wp-content\/uploads\/2025\/04\/Logo-Fratelli-a-color.svg\",\"width\":155,\"height\":34,\"caption\":\"Fratelli\"},\"image\":{\"@id\":\"https:\/\/fratelliclothes.com\/cr\/#\/schema\/logo\/image\/\"},\"sameAs\":[\"https:\/\/www.instagram.com\/fratelli.clothes\",\"https:\/\/www.tiktok.com\/@fratelli.clothes?_t=8V56fbk2BpF&_r=1\"]}]}<\/script>\n<!-- \/ Yoast SEO plugin. -->","yoast_head_json":{"title":"Conjunto Cristal | Fratelli Clothes | Costa Rica","robots":{"index":"index","follow":"follow","max-snippet":"max-snippet:-1","max-image-preview":"max-image-preview:large","max-video-preview":"max-video-preview:-1"},"canonical":"https:\/\/fratelliclothes.com\/cr\/producto\/conjunto-cristal\/","og_locale":"es_ES","og_type":"article","og_title":"Conjunto Cristal | Fratelli Clothes | Costa Rica","og_description":"ELABORADO EN LINO","og_url":"https:\/\/fratelliclothes.com\/cr\/producto\/conjunto-cristal\/","og_site_name":"Fratelli Clothes | Costa Rica","article_modified_time":"2025-06-14T01:39:41+00:00","og_image":[{"width":2048,"height":2560,"url":"https:\/\/fratelliclothes.com\/cr\/wp-content\/uploads\/2025\/04\/IMG_3068-scaled-1.jpg","type":"image\/jpeg"}],"twitter_card":"summary_large_image","twitter_misc":{"Est. reading time":"1 minuto"},"schema":{"@context":"https:\/\/schema.org","@graph":[{"@type":"WebPage","@id":"https:\/\/fratelliclothes.com\/cr\/producto\/conjunto-cristal\/","url":"https:\/\/fratelliclothes.com\/cr\/producto\/conjunto-cristal\/","name":"Conjunto Cristal | Fratelli Clothes | Costa Rica","isPartOf":{"@id":"https:\/\/fratelliclothes.com\/cr\/#website"},"primaryImageOfPage":{"@id":"https:\/\/fratelliclothes.com\/cr\/producto\/conjunto-cristal\/#primaryimage"},"image":{"@id":"https:\/\/fratelliclothes.com\/cr\/producto\/conjunto-cristal\/#primaryimage"},"thumbnailUrl":"https:\/\/fratelliclothes.com\/cr\/wp-content\/uploads\/2025\/04\/IMG_3068-scaled-1.jpg","datePublished":"2022-08-30T18:36:17+00:00","dateModified":"2025-06-14T01:39:41+00:00","breadcrumb":{"@id":"https:\/\/fratelliclothes.com\/cr\/producto\/conjunto-cristal\/#breadcrumb"},"inLanguage":"es-CR","potentialAction":[{"@type":"ReadAction","target":["https:\/\/fratelliclothes.com\/cr\/producto\/conjunto-cristal\/"]}]},{"@type":"ImageObject","inLanguage":"es-CR","@id":"https:\/\/fratelliclothes.com\/cr\/producto\/conjunto-cristal\/#primaryimage","url":"https:\/\/fratelliclothes.com\/cr\/wp-content\/uploads\/2025\/04\/IMG_3068-scaled-1.jpg","contentUrl":"https:\/\/fratelliclothes.com\/cr\/wp-content\/uploads\/2025\/04\/IMG_3068-scaled-1.jpg","width":2048,"height":2560},{"@type":"BreadcrumbList","@id":"https:\/\/fratelliclothes.com\/cr\/producto\/conjunto-cristal\/#breadcrumb","itemListElement":[{"@type":"ListItem","position":1,"name":"Portada","item":"https:\/\/fratelliclothes.com\/cr\/"},{"@type":"ListItem","position":2,"name":"Tienda","item":"https:\/\/fratelliclothes.com\/cr\/tienda\/"},{"@type":"ListItem","position":3,"name":"Conjunto Cristal"}]},{"@type":"WebSite","@id":"https:\/\/fratelliclothes.com\/cr\/#website","url":"https:\/\/fratelliclothes.com\/cr\/","name":"Fratelli","description":"\u2018DE BARRO SOMOS Una colecci\u00f3n que honra lo vivido, lo sentido y lo que a\u00fan est\u00e1 por cambiar.","publisher":{"@id":"https:\/\/fratelliclothes.com\/cr\/#organization"},"potentialAction":[{"@type":"SearchAction","target":{"@type":"EntryPoint","urlTemplate":"https:\/\/fratelliclothes.com\/cr\/?s={search_term_string}"},"query-input":{"@type":"PropertyValueSpecification","valueRequired":true,"valueName":"search_term_string"}}],"inLanguage":"es-CR"},{"@type":"Organization","@id":"https:\/\/fratelliclothes.com\/cr\/#organization","name":"Fratelli","url":"https:\/\/fratelliclothes.com\/cr\/","logo":{"@type":"ImageObject","inLanguage":"es-CR","@id":"https:\/\/fratelliclothes.com\/cr\/#\/schema\/logo\/image\/","url":"https:\/\/fratelliclothes.com\/cr\/wp-content\/uploads\/2025\/04\/Logo-Fratelli-a-color.svg","contentUrl":"https:\/\/fratelliclothes.com\/cr\/wp-content\/uploads\/2025\/04\/Logo-Fratelli-a-color.svg","width":155,"height":34,"caption":"Fratelli"},"image":{"@id":"https:\/\/fratelliclothes.com\/cr\/#\/schema\/logo\/image\/"},"sameAs":["https:\/\/www.instagram.com\/fratelli.clothes","https:\/\/www.tiktok.com\/@fratelli.clothes?_t=8V56fbk2BpF&_r=1"]}]}},"_links":{"self":[{"href":"https:\/\/fratelliclothes.com\/cr\/wp-json\/wp\/v2\/product\/1224","targetHints":{"allow":["GET"]}}],"collection":[{"href":"https:\/\/fratelliclothes.com\/cr\/wp-json\/wp\/v2\/product"}],"about":[{"href":"https:\/\/fratelliclothes.com\/cr\/wp-json\/wp\/v2\/types\/product"}],"replies":[{"embeddable":true,"href":"https:\/\/fratelliclothes.com\/cr\/wp-json\/wp\/v2\/comments?post=1224"}],"wp:featuredmedia":[{"embeddable":true,"href":"https:\/\/fratelliclothes.com\/cr\/wp-json\/wp\/v2\/media\/1254"}],"wp:attachment":[{"href":"https:\/\/fratelliclothes.com\/cr\/wp-json\/wp\/v2\/media?parent=1224"}],"wp:term":[{"taxonomy":"product_brand","embeddable":true,"href":"https:\/\/fratelliclothes.com\/cr\/wp-json\/wp\/v2\/product_brand?post=1224"},{"taxonomy":"product_cat","embeddable":true,"href":"https:\/\/fratelliclothes.com\/cr\/wp-json\/wp\/v2\/product_cat?post=1224"},{"taxonomy":"product_tag","embeddable":true,"href":"https:\/\/fratelliclothes.com\/cr\/wp-json\/wp\/v2\/product_tag?post=1224"}],"curies":[{"name":"wp","href":"https:\/\/api.w.org\/{rel}","templated":true}]}}