{"id":2241,"date":"2025-06-01T22:15:30","date_gmt":"2025-06-01T22:15:30","guid":{"rendered":"https:\/\/pagina.jecosstravels.com\/?post_type=product&#038;p=2241"},"modified":"2025-06-13T20:32:47","modified_gmt":"2025-06-14T01:32:47","slug":"pantalon-tierra","status":"publish","type":"product","link":"https:\/\/fratelliclothes.com\/cr\/producto\/pantalon-tierra\/","title":{"rendered":"Pantal\u00f3n Tierra"},"content":{"rendered":"<p>El Pantal\u00f3n Tierra tiene una silueta limpia y firme, que fluye sin ser r\u00edgida. La pretina con cintur\u00f3n integrado ajusta de forma pr\u00e1ctica, mientras que el lino, en sus tonos beige y negro, se adapta al cuerpo con naturalidad. Esta prenda es el equilibrio perfecto entre comodidad y estructura, dise\u00f1ada para acompa\u00f1ar cada paso con la solidez que otorga la tierra bajo nuestros pies.<\/p>\n","protected":false},"excerpt":{"rendered":"<p>Pantal\u00f3n de 100% lino hombre<\/p>\n","protected":false},"featured_media":2246,"comment_status":"open","ping_status":"closed","template":"","meta":{"inline_featured_image":false},"product_brand":[],"product_cat":[20,25,26],"product_tag":[83,94,95,109,110],"class_list":{"0":"post-2241","1":"product","2":"type-product","3":"status-publish","4":"has-post-thumbnail","6":"product_cat-hombre","7":"product_cat-inferiores","8":"product_cat-pantalones","9":"product_tag-de-barro-somos","10":"product_tag-hombre","11":"product_tag-hombre-inferiores","12":"product_tag-hombre-pantalones","13":"product_tag-pantalones-de-hombre","15":"first","16":"outofstock","17":"shipping-taxable","18":"product-type-variable","19":"add-to-wishlist-before_image"},"yoast_head":"<!-- This site is optimized with the Yoast SEO plugin v25.3 - https:\/\/yoast.com\/wordpress\/plugins\/seo\/ -->\n<title>Pantal\u00f3n Tierra: Pantal\u00f3n de Lino para Hombre | Fratelli Clothes | Costa Rica<\/title>\n<meta name=\"description\" content=\"Descubre el Pantal\u00f3n Tierra, un pantal\u00f3n de lino para hombre con silueta limpia y cintur\u00f3n integrado. Comodidad y estructura en tonos Beige y negro.\" \/>\n<meta name=\"robots\" content=\"index, follow, max-snippet:-1, max-image-preview:large, max-video-preview:-1\" \/>\n<link rel=\"canonical\" href=\"https:\/\/fratelliclothes.com\/cr\/producto\/pantalon-tierra\/\" \/>\n<meta property=\"og:locale\" content=\"es_ES\" \/>\n<meta property=\"og:type\" content=\"article\" \/>\n<meta property=\"og:title\" content=\"Pantal\u00f3n Tierra: Pantal\u00f3n de Lino para Hombre | Fratelli Clothes | Costa Rica\" \/>\n<meta property=\"og:description\" content=\"Descubre el Pantal\u00f3n Tierra, un pantal\u00f3n de lino para hombre con silueta limpia y cintur\u00f3n integrado. Comodidad y estructura en tonos Beige y negro.\" \/>\n<meta property=\"og:url\" content=\"https:\/\/fratelliclothes.com\/cr\/producto\/pantalon-tierra\/\" \/>\n<meta property=\"og:site_name\" content=\"Fratelli Clothes | Costa Rica\" \/>\n<meta property=\"article:modified_time\" content=\"2025-06-14T01:32:47+00:00\" \/>\n<meta property=\"og:image\" content=\"https:\/\/fratelliclothes.com\/cr\/wp-content\/uploads\/2025\/06\/IMG_9258-scaled.jpg\" \/>\n\t<meta property=\"og:image:width\" content=\"1707\" \/>\n\t<meta property=\"og:image:height\" content=\"2560\" \/>\n\t<meta property=\"og:image:type\" content=\"image\/jpeg\" \/>\n<meta name=\"twitter:card\" content=\"summary_large_image\" \/>\n<meta name=\"twitter:label1\" content=\"Est. reading time\" \/>\n\t<meta name=\"twitter:data1\" content=\"1 minuto\" \/>\n<script type=\"application\/ld+json\" class=\"yoast-schema-graph\">{\"@context\":\"https:\/\/schema.org\",\"@graph\":[{\"@type\":\"WebPage\",\"@id\":\"https:\/\/fratelliclothes.com\/cr\/producto\/pantalon-tierra\/\",\"url\":\"https:\/\/fratelliclothes.com\/cr\/producto\/pantalon-tierra\/\",\"name\":\"Pantal\u00f3n Tierra: Pantal\u00f3n de Lino para Hombre | Fratelli Clothes | Costa Rica\",\"isPartOf\":{\"@id\":\"https:\/\/fratelliclothes.com\/cr\/#website\"},\"primaryImageOfPage\":{\"@id\":\"https:\/\/fratelliclothes.com\/cr\/producto\/pantalon-tierra\/#primaryimage\"},\"image\":{\"@id\":\"https:\/\/fratelliclothes.com\/cr\/producto\/pantalon-tierra\/#primaryimage\"},\"thumbnailUrl\":\"https:\/\/fratelliclothes.com\/cr\/wp-content\/uploads\/2025\/06\/IMG_9258-scaled.jpg\",\"datePublished\":\"2025-06-01T22:15:30+00:00\",\"dateModified\":\"2025-06-14T01:32:47+00:00\",\"description\":\"Descubre el Pantal\u00f3n Tierra, un pantal\u00f3n de lino para hombre con silueta limpia y cintur\u00f3n integrado. Comodidad y estructura en tonos Beige y negro.\",\"breadcrumb\":{\"@id\":\"https:\/\/fratelliclothes.com\/cr\/producto\/pantalon-tierra\/#breadcrumb\"},\"inLanguage\":\"es-CR\",\"potentialAction\":[{\"@type\":\"ReadAction\",\"target\":[\"https:\/\/fratelliclothes.com\/cr\/producto\/pantalon-tierra\/\"]}]},{\"@type\":\"ImageObject\",\"inLanguage\":\"es-CR\",\"@id\":\"https:\/\/fratelliclothes.com\/cr\/producto\/pantalon-tierra\/#primaryimage\",\"url\":\"https:\/\/fratelliclothes.com\/cr\/wp-content\/uploads\/2025\/06\/IMG_9258-scaled.jpg\",\"contentUrl\":\"https:\/\/fratelliclothes.com\/cr\/wp-content\/uploads\/2025\/06\/IMG_9258-scaled.jpg\",\"width\":1707,\"height\":2560,\"caption\":\"Pantal\u00f3n Tierra, pantal\u00f3n de lino para hombre color natural con cintur\u00f3n.\"},{\"@type\":\"BreadcrumbList\",\"@id\":\"https:\/\/fratelliclothes.com\/cr\/producto\/pantalon-tierra\/#breadcrumb\",\"itemListElement\":[{\"@type\":\"ListItem\",\"position\":1,\"name\":\"Portada\",\"item\":\"https:\/\/fratelliclothes.com\/cr\/\"},{\"@type\":\"ListItem\",\"position\":2,\"name\":\"Tienda\",\"item\":\"https:\/\/fratelliclothes.com\/cr\/tienda\/\"},{\"@type\":\"ListItem\",\"position\":3,\"name\":\"Pantal\u00f3n Tierra\"}]},{\"@type\":\"WebSite\",\"@id\":\"https:\/\/fratelliclothes.com\/cr\/#website\",\"url\":\"https:\/\/fratelliclothes.com\/cr\/\",\"name\":\"Fratelli\",\"description\":\"\u2018DE BARRO SOMOS Una colecci\u00f3n que honra lo vivido, lo sentido y lo que a\u00fan est\u00e1 por cambiar.\",\"publisher\":{\"@id\":\"https:\/\/fratelliclothes.com\/cr\/#organization\"},\"potentialAction\":[{\"@type\":\"SearchAction\",\"target\":{\"@type\":\"EntryPoint\",\"urlTemplate\":\"https:\/\/fratelliclothes.com\/cr\/?s={search_term_string}\"},\"query-input\":{\"@type\":\"PropertyValueSpecification\",\"valueRequired\":true,\"valueName\":\"search_term_string\"}}],\"inLanguage\":\"es-CR\"},{\"@type\":\"Organization\",\"@id\":\"https:\/\/fratelliclothes.com\/cr\/#organization\",\"name\":\"Fratelli\",\"url\":\"https:\/\/fratelliclothes.com\/cr\/\",\"logo\":{\"@type\":\"ImageObject\",\"inLanguage\":\"es-CR\",\"@id\":\"https:\/\/fratelliclothes.com\/cr\/#\/schema\/logo\/image\/\",\"url\":\"https:\/\/fratelliclothes.com\/cr\/wp-content\/uploads\/2025\/04\/Logo-Fratelli-a-color.svg\",\"contentUrl\":\"https:\/\/fratelliclothes.com\/cr\/wp-content\/uploads\/2025\/04\/Logo-Fratelli-a-color.svg\",\"width\":155,\"height\":34,\"caption\":\"Fratelli\"},\"image\":{\"@id\":\"https:\/\/fratelliclothes.com\/cr\/#\/schema\/logo\/image\/\"},\"sameAs\":[\"https:\/\/www.instagram.com\/fratelli.clothes\",\"https:\/\/www.tiktok.com\/@fratelli.clothes?_t=8V56fbk2BpF&_r=1\"]}]}<\/script>\n<!-- \/ Yoast SEO plugin. -->","yoast_head_json":{"title":"Pantal\u00f3n Tierra: Pantal\u00f3n de Lino para Hombre | Fratelli Clothes | Costa Rica","description":"Descubre el Pantal\u00f3n Tierra, un pantal\u00f3n de lino para hombre con silueta limpia y cintur\u00f3n integrado. Comodidad y estructura en tonos Beige y negro.","robots":{"index":"index","follow":"follow","max-snippet":"max-snippet:-1","max-image-preview":"max-image-preview:large","max-video-preview":"max-video-preview:-1"},"canonical":"https:\/\/fratelliclothes.com\/cr\/producto\/pantalon-tierra\/","og_locale":"es_ES","og_type":"article","og_title":"Pantal\u00f3n Tierra: Pantal\u00f3n de Lino para Hombre | Fratelli Clothes | Costa Rica","og_description":"Descubre el Pantal\u00f3n Tierra, un pantal\u00f3n de lino para hombre con silueta limpia y cintur\u00f3n integrado. Comodidad y estructura en tonos Beige y negro.","og_url":"https:\/\/fratelliclothes.com\/cr\/producto\/pantalon-tierra\/","og_site_name":"Fratelli Clothes | Costa Rica","article_modified_time":"2025-06-14T01:32:47+00:00","og_image":[{"width":1707,"height":2560,"url":"https:\/\/fratelliclothes.com\/cr\/wp-content\/uploads\/2025\/06\/IMG_9258-scaled.jpg","type":"image\/jpeg"}],"twitter_card":"summary_large_image","twitter_misc":{"Est. reading time":"1 minuto"},"schema":{"@context":"https:\/\/schema.org","@graph":[{"@type":"WebPage","@id":"https:\/\/fratelliclothes.com\/cr\/producto\/pantalon-tierra\/","url":"https:\/\/fratelliclothes.com\/cr\/producto\/pantalon-tierra\/","name":"Pantal\u00f3n Tierra: Pantal\u00f3n de Lino para Hombre | Fratelli Clothes | Costa Rica","isPartOf":{"@id":"https:\/\/fratelliclothes.com\/cr\/#website"},"primaryImageOfPage":{"@id":"https:\/\/fratelliclothes.com\/cr\/producto\/pantalon-tierra\/#primaryimage"},"image":{"@id":"https:\/\/fratelliclothes.com\/cr\/producto\/pantalon-tierra\/#primaryimage"},"thumbnailUrl":"https:\/\/fratelliclothes.com\/cr\/wp-content\/uploads\/2025\/06\/IMG_9258-scaled.jpg","datePublished":"2025-06-01T22:15:30+00:00","dateModified":"2025-06-14T01:32:47+00:00","description":"Descubre el Pantal\u00f3n Tierra, un pantal\u00f3n de lino para hombre con silueta limpia y cintur\u00f3n integrado. Comodidad y estructura en tonos Beige y negro.","breadcrumb":{"@id":"https:\/\/fratelliclothes.com\/cr\/producto\/pantalon-tierra\/#breadcrumb"},"inLanguage":"es-CR","potentialAction":[{"@type":"ReadAction","target":["https:\/\/fratelliclothes.com\/cr\/producto\/pantalon-tierra\/"]}]},{"@type":"ImageObject","inLanguage":"es-CR","@id":"https:\/\/fratelliclothes.com\/cr\/producto\/pantalon-tierra\/#primaryimage","url":"https:\/\/fratelliclothes.com\/cr\/wp-content\/uploads\/2025\/06\/IMG_9258-scaled.jpg","contentUrl":"https:\/\/fratelliclothes.com\/cr\/wp-content\/uploads\/2025\/06\/IMG_9258-scaled.jpg","width":1707,"height":2560,"caption":"Pantal\u00f3n Tierra, pantal\u00f3n de lino para hombre color natural con cintur\u00f3n."},{"@type":"BreadcrumbList","@id":"https:\/\/fratelliclothes.com\/cr\/producto\/pantalon-tierra\/#breadcrumb","itemListElement":[{"@type":"ListItem","position":1,"name":"Portada","item":"https:\/\/fratelliclothes.com\/cr\/"},{"@type":"ListItem","position":2,"name":"Tienda","item":"https:\/\/fratelliclothes.com\/cr\/tienda\/"},{"@type":"ListItem","position":3,"name":"Pantal\u00f3n Tierra"}]},{"@type":"WebSite","@id":"https:\/\/fratelliclothes.com\/cr\/#website","url":"https:\/\/fratelliclothes.com\/cr\/","name":"Fratelli","description":"\u2018DE BARRO SOMOS Una colecci\u00f3n que honra lo vivido, lo sentido y lo que a\u00fan est\u00e1 por cambiar.","publisher":{"@id":"https:\/\/fratelliclothes.com\/cr\/#organization"},"potentialAction":[{"@type":"SearchAction","target":{"@type":"EntryPoint","urlTemplate":"https:\/\/fratelliclothes.com\/cr\/?s={search_term_string}"},"query-input":{"@type":"PropertyValueSpecification","valueRequired":true,"valueName":"search_term_string"}}],"inLanguage":"es-CR"},{"@type":"Organization","@id":"https:\/\/fratelliclothes.com\/cr\/#organization","name":"Fratelli","url":"https:\/\/fratelliclothes.com\/cr\/","logo":{"@type":"ImageObject","inLanguage":"es-CR","@id":"https:\/\/fratelliclothes.com\/cr\/#\/schema\/logo\/image\/","url":"https:\/\/fratelliclothes.com\/cr\/wp-content\/uploads\/2025\/04\/Logo-Fratelli-a-color.svg","contentUrl":"https:\/\/fratelliclothes.com\/cr\/wp-content\/uploads\/2025\/04\/Logo-Fratelli-a-color.svg","width":155,"height":34,"caption":"Fratelli"},"image":{"@id":"https:\/\/fratelliclothes.com\/cr\/#\/schema\/logo\/image\/"},"sameAs":["https:\/\/www.instagram.com\/fratelli.clothes","https:\/\/www.tiktok.com\/@fratelli.clothes?_t=8V56fbk2BpF&_r=1"]}]}},"_links":{"self":[{"href":"https:\/\/fratelliclothes.com\/cr\/wp-json\/wp\/v2\/product\/2241","targetHints":{"allow":["GET"]}}],"collection":[{"href":"https:\/\/fratelliclothes.com\/cr\/wp-json\/wp\/v2\/product"}],"about":[{"href":"https:\/\/fratelliclothes.com\/cr\/wp-json\/wp\/v2\/types\/product"}],"replies":[{"embeddable":true,"href":"https:\/\/fratelliclothes.com\/cr\/wp-json\/wp\/v2\/comments?post=2241"}],"wp:featuredmedia":[{"embeddable":true,"href":"https:\/\/fratelliclothes.com\/cr\/wp-json\/wp\/v2\/media\/2246"}],"wp:attachment":[{"href":"https:\/\/fratelliclothes.com\/cr\/wp-json\/wp\/v2\/media?parent=2241"}],"wp:term":[{"taxonomy":"product_brand","embeddable":true,"href":"https:\/\/fratelliclothes.com\/cr\/wp-json\/wp\/v2\/product_brand?post=2241"},{"taxonomy":"product_cat","embeddable":true,"href":"https:\/\/fratelliclothes.com\/cr\/wp-json\/wp\/v2\/product_cat?post=2241"},{"taxonomy":"product_tag","embeddable":true,"href":"https:\/\/fratelliclothes.com\/cr\/wp-json\/wp\/v2\/product_tag?post=2241"}],"curies":[{"name":"wp","href":"https:\/\/api.w.org\/{rel}","templated":true}]}}